{"id":2808,"date":"2024-02-26T12:56:51","date_gmt":"2024-02-26T12:56:51","guid":{"rendered":"https:\/\/bezwarunku.pl\/?page_id=2808"},"modified":"2024-05-15T11:02:19","modified_gmt":"2024-05-15T10:02:19","slug":"monotonicznosc-i-ekstrema-lokalne-funkcji","status":"publish","type":"page","link":"https:\/\/bezwarunku.pl\/index.php\/monotonicznosc-i-ekstrema-lokalne-funkcji\/","title":{"rendered":"monotoniczno\u015b\u0107 i ekstrema lokalne funkcji"},"content":{"rendered":"\t\t<div data-elementor-type=\"wp-page\" data-elementor-id=\"2808\" class=\"elementor elementor-2808\" data-elementor-post-type=\"page\">\n\t\t\t\t<header class=\"elementor-element elementor-element-98476ab e-con-full e-flex e-con e-parent\" data-id=\"98476ab\" data-element_type=\"container\" data-settings=\"{&quot;background_background&quot;:&quot;classic&quot;}\">\n\t\t<div class=\"elementor-element elementor-element-d4fdd44 e-con-full e-flex e-con e-child\" data-id=\"d4fdd44\" data-element_type=\"container\">\n\t\t\t\t<div class=\"elementor-element elementor-element-ebc9594 elementor-widget elementor-widget-image\" data-id=\"ebc9594\" data-element_type=\"widget\" data-widget_type=\"image.default\">\n\t\t\t\t<div class=\"elementor-widget-container\">\n\t\t\t\t\t\t\t\t\t\t\t\t\t\t\t\t<a href=\"https:\/\/bezwarunku.pl\">\n\t\t\t\t\t\t\t<img fetchpriority=\"high\" decoding=\"async\" width=\"1170\" height=\"1170\" src=\"https:\/\/bezwarunku.pl\/wp-content\/uploads\/2023\/10\/BEZWARUNKU-1.jpg\" class=\"attachment-full size-full wp-image-39\" alt=\"\" srcset=\"https:\/\/bezwarunku.pl\/wp-content\/uploads\/2023\/10\/BEZWARUNKU-1.jpg 1170w, https:\/\/bezwarunku.pl\/wp-content\/uploads\/2023\/10\/BEZWARUNKU-1-300x300.jpg 300w, https:\/\/bezwarunku.pl\/wp-content\/uploads\/2023\/10\/BEZWARUNKU-1-1024x1024.jpg 1024w, https:\/\/bezwarunku.pl\/wp-content\/uploads\/2023\/10\/BEZWARUNKU-1-150x150.jpg 150w, https:\/\/bezwarunku.pl\/wp-content\/uploads\/2023\/10\/BEZWARUNKU-1-768x768.jpg 768w, https:\/\/bezwarunku.pl\/wp-content\/uploads\/2023\/10\/BEZWARUNKU-1-600x600.jpg 600w, https:\/\/bezwarunku.pl\/wp-content\/uploads\/2023\/10\/BEZWARUNKU-1-100x100.jpg 100w\" sizes=\"(max-width: 1170px) 100vw, 1170px\" \/>\t\t\t\t\t\t\t\t<\/a>\n\t\t\t\t\t\t\t\t\t\t\t\t\t\t\t<\/div>\n\t\t\t\t<\/div>\n\t\t\t\t<\/div>\n\t\t<div class=\"elementor-element elementor-element-2350e03 e-con-full e-flex e-con e-child\" data-id=\"2350e03\" data-element_type=\"container\">\n\t\t\t\t<div class=\"elementor-element elementor-element-b1c57ef elementor-nav-menu--stretch elementor-widget__width-auto elementor-nav-menu__text-align-center elementor-nav-menu--dropdown-tablet elementor-nav-menu--toggle elementor-nav-menu--burger elementor-widget elementor-widget-nav-menu\" data-id=\"b1c57ef\" data-element_type=\"widget\" data-settings=\"{&quot;full_width&quot;:&quot;stretch&quot;,&quot;layout&quot;:&quot;horizontal&quot;,&quot;submenu_icon&quot;:{&quot;value&quot;:&quot;&lt;svg class=\\&quot;e-font-icon-svg e-fas-caret-down\\&quot; viewBox=\\&quot;0 0 320 512\\&quot; xmlns=\\&quot;http:\\\/\\\/www.w3.org\\\/2000\\\/svg\\&quot;&gt;&lt;path d=\\&quot;M31.3 192h257.3c17.8 0 26.7 21.5 14.1 34.1L174.1 354.8c-7.8 7.8-20.5 7.8-28.3 0L17.2 226.1C4.6 213.5 13.5 192 31.3 192z\\&quot;&gt;&lt;\\\/path&gt;&lt;\\\/svg&gt;&quot;,&quot;library&quot;:&quot;fa-solid&quot;},&quot;toggle&quot;:&quot;burger&quot;}\" data-widget_type=\"nav-menu.default\">\n\t\t\t\t<div class=\"elementor-widget-container\">\n\t\t\t\t\t\t\t\t<nav aria-label=\"Menu\" class=\"elementor-nav-menu--main elementor-nav-menu__container elementor-nav-menu--layout-horizontal e--pointer-background e--animation-sweep-right\">\n\t\t\t\t<ul id=\"menu-1-b1c57ef\" class=\"elementor-nav-menu\"><li class=\"menu-item menu-item-type-post_type menu-item-object-page menu-item-home menu-item-142\"><a href=\"https:\/\/bezwarunku.pl\/\" class=\"elementor-item\">G\u0141\u00d3WNA<\/a><\/li>\n<li class=\"menu-item menu-item-type-custom menu-item-object-custom menu-item-177\"><a href=\"https:\/\/bezwarunku.pl\/index.php\/wykup-dostep\/\" class=\"elementor-item\">CENNIK<\/a><\/li>\n<li class=\"menu-item menu-item-type-post_type menu-item-object-page menu-item-4681\"><a href=\"https:\/\/bezwarunku.pl\/index.php\/regulamin\/\" class=\"elementor-item\">regulamin<\/a><\/li>\n<\/ul>\t\t\t<\/nav>\n\t\t\t\t\t<div class=\"elementor-menu-toggle\" role=\"button\" tabindex=\"0\" aria-label=\"Menu Toggle\" aria-expanded=\"false\">\n\t\t\t<svg aria-hidden=\"true\" role=\"presentation\" class=\"elementor-menu-toggle__icon--open e-font-icon-svg e-eicon-menu-bar\" viewBox=\"0 0 1000 1000\" xmlns=\"http:\/\/www.w3.org\/2000\/svg\"><path d=\"M104 333H896C929 333 958 304 958 271S929 208 896 208H104C71 208 42 237 42 271S71 333 104 333ZM104 583H896C929 583 958 554 958 521S929 458 896 458H104C71 458 42 487 42 521S71 583 104 583ZM104 833H896C929 833 958 804 958 771S929 708 896 708H104C71 708 42 737 42 771S71 833 104 833Z\"><\/path><\/svg><svg aria-hidden=\"true\" role=\"presentation\" class=\"elementor-menu-toggle__icon--close e-font-icon-svg e-eicon-close\" viewBox=\"0 0 1000 1000\" xmlns=\"http:\/\/www.w3.org\/2000\/svg\"><path d=\"M742 167L500 408 258 167C246 154 233 150 217 150 196 150 179 158 167 167 154 179 150 196 150 212 150 229 154 242 171 254L408 500 167 742C138 771 138 800 167 829 196 858 225 858 254 829L496 587 738 829C750 842 767 846 783 846 800 846 817 842 829 829 842 817 846 804 846 783 846 767 842 750 829 737L588 500 833 258C863 229 863 200 833 171 804 137 775 137 742 167Z\"><\/path><\/svg>\t\t\t<span class=\"elementor-screen-only\">Menu<\/span>\n\t\t<\/div>\n\t\t\t\t\t<nav class=\"elementor-nav-menu--dropdown elementor-nav-menu__container\" aria-hidden=\"true\">\n\t\t\t\t<ul id=\"menu-2-b1c57ef\" class=\"elementor-nav-menu\"><li class=\"menu-item menu-item-type-post_type menu-item-object-page menu-item-home menu-item-142\"><a href=\"https:\/\/bezwarunku.pl\/\" class=\"elementor-item\" tabindex=\"-1\">G\u0141\u00d3WNA<\/a><\/li>\n<li class=\"menu-item menu-item-type-custom menu-item-object-custom menu-item-177\"><a href=\"https:\/\/bezwarunku.pl\/index.php\/wykup-dostep\/\" class=\"elementor-item\" tabindex=\"-1\">CENNIK<\/a><\/li>\n<li class=\"menu-item menu-item-type-post_type menu-item-object-page menu-item-4681\"><a href=\"https:\/\/bezwarunku.pl\/index.php\/regulamin\/\" class=\"elementor-item\" tabindex=\"-1\">regulamin<\/a><\/li>\n<\/ul>\t\t\t<\/nav>\n\t\t\t\t\t\t<\/div>\n\t\t\t\t<\/div>\n\t\t\t\t<div class=\"elementor-element elementor-element-9a84421 elementor-widget__width-auto elementor-widget elementor-widget-button\" data-id=\"9a84421\" data-element_type=\"widget\" data-widget_type=\"button.default\">\n\t\t\t\t<div class=\"elementor-widget-container\">\n\t\t\t\t\t\t\t\t\t<div class=\"elementor-button-wrapper\">\n\t\t\t\t\t<a class=\"elementor-button elementor-button-link elementor-size-sm\" href=\"https:\/\/bezwarunku.pl\">\n\t\t\t\t\t\t<span class=\"elementor-button-content-wrapper\">\n\t\t\t\t\t\t\t\t\t<span class=\"elementor-button-text\">zarejestruj si\u0119<\/span>\n\t\t\t\t\t<\/span>\n\t\t\t\t\t<\/a>\n\t\t\t\t<\/div>\n\t\t\t\t\t\t\t\t<\/div>\n\t\t\t\t<\/div>\n\t\t\t\t<\/div>\n\t\t\t\t<\/header>\n\t\t<div class=\"elementor-element elementor-element-574961b e-con-full e-flex e-con e-parent\" data-id=\"574961b\" data-element_type=\"container\" data-settings=\"{&quot;background_background&quot;:&quot;classic&quot;}\">\n\t\t\t\t<div class=\"elementor-element elementor-element-dfce4b3 elementor-widget elementor-widget-heading\" data-id=\"dfce4b3\" data-element_type=\"widget\" data-widget_type=\"heading.default\">\n\t\t\t\t<div class=\"elementor-widget-container\">\n\t\t\t\t\t<h2 class=\"elementor-heading-title elementor-size-default\"><a href=\"https:\/\/bezwarunku.pl\/index.php\/analiza-matematyczna\/?preview_id=200&#038;preview_nonce=87c719741f&#038;preview=true\">POCHODNE<\/a><\/h2>\t\t\t\t<\/div>\n\t\t\t\t<\/div>\n\t\t\t\t<div class=\"elementor-element elementor-element-760877f animated-slow elementor-invisible elementor-widget elementor-widget-heading\" data-id=\"760877f\" data-element_type=\"widget\" data-settings=\"{&quot;_animation&quot;:&quot;slideInUp&quot;}\" data-widget_type=\"heading.default\">\n\t\t\t\t<div class=\"elementor-widget-container\">\n\t\t\t\t\t<h2 class=\"elementor-heading-title elementor-size-default\">monotoniczno\u015b\u0107 i ekstrema lokalne funkcji<\/h2>\t\t\t\t<\/div>\n\t\t\t\t<\/div>\n\t\t\t\t<\/div>\n\t\t<div class=\"elementor-element elementor-element-969d30b e-flex e-con-boxed e-con e-parent\" data-id=\"969d30b\" data-element_type=\"container\" data-settings=\"{&quot;background_background&quot;:&quot;classic&quot;}\">\n\t\t\t\t\t<div class=\"e-con-inner\">\n\t\t<div class=\"elementor-element elementor-element-99f6d96 e-con-full e-flex e-con e-child\" data-id=\"99f6d96\" data-element_type=\"container\" data-settings=\"{&quot;background_background&quot;:&quot;classic&quot;}\">\n\t\t\t\t<div class=\"elementor-element elementor-element-5cf7b8a elementor-widget__width-initial elementor-widget elementor-widget-toggle\" data-id=\"5cf7b8a\" data-element_type=\"widget\" data-widget_type=\"toggle.default\">\n\t\t\t\t<div class=\"elementor-widget-container\">\n\t\t\t\t\t<div class=\"pmpro\"><div class=\"pmpro_card pmpro_content_message\"><div class=\"pmpro_card_content\">nie czekaj d\u0142u\u017cej, wykup pakiet i sprawd\u017a rozwi\u0105zania.<br \/><a href=\"https:\/\/bezwarunku.pl\/index.php\/wykup-dostep\/\">Przed\u0142u\u017c pakiet!<\/a><\/div><div class=\"pmpro_card_actions pmpro_font-medium\">Already a member? <a href=\"https:\/\/bezwarunku.pl\/index.php\/membership-login\/?redirect_to=https%3A%2F%2Fbezwarunku.pl%2Findex.php%2Fmonotonicznosc-i-ekstrema-lokalne-funkcji%2F\">Log in here<\/a><\/div><\/div><\/div>\t\t\t\t<\/div>\n\t\t\t\t<\/div>\n\t\t\t\t<div class=\"elementor-element elementor-element-143cbfa elementor-widget elementor-widget-heading\" data-id=\"143cbfa\" data-element_type=\"widget\" data-widget_type=\"heading.default\">\n\t\t\t\t<div class=\"elementor-widget-container\">\n\t\t\t\t\t<h3 class=\"elementor-heading-title elementor-size-default\">1. Wyznacz monotoniczno\u015b\u0107 i ekstrema lokalne funkcji: $$f(x)=2x^3-12x^2+18x-8$$\n<\/h3>\t\t\t\t<\/div>\n\t\t\t\t<\/div>\n\t\t\t\t<\/div>\n\t\t<div class=\"elementor-element elementor-element-b4cd47f e-con-full e-flex e-con e-child\" data-id=\"b4cd47f\" data-element_type=\"container\" data-settings=\"{&quot;background_background&quot;:&quot;classic&quot;}\">\n\t\t\t\t<div class=\"elementor-element elementor-element-1e8c9b7 elementor-widget__width-initial elementor-widget elementor-widget-toggle\" data-id=\"1e8c9b7\" data-element_type=\"widget\" data-widget_type=\"toggle.default\">\n\t\t\t\t<div class=\"elementor-widget-container\">\n\t\t\t\t\t<div class=\"pmpro\"><div class=\"pmpro_card pmpro_content_message\"><div class=\"pmpro_card_content\">nie czekaj d\u0142u\u017cej, wykup pakiet i sprawd\u017a rozwi\u0105zania.<br \/><a href=\"https:\/\/bezwarunku.pl\/index.php\/wykup-dostep\/\">Przed\u0142u\u017c pakiet!<\/a><\/div><div class=\"pmpro_card_actions pmpro_font-medium\">Already a member? <a href=\"https:\/\/bezwarunku.pl\/index.php\/membership-login\/?redirect_to=https%3A%2F%2Fbezwarunku.pl%2Findex.php%2Fmonotonicznosc-i-ekstrema-lokalne-funkcji%2F\">Log in here<\/a><\/div><\/div><\/div>\t\t\t\t<\/div>\n\t\t\t\t<\/div>\n\t\t\t\t<div class=\"elementor-element elementor-element-493025c elementor-widget elementor-widget-heading\" data-id=\"493025c\" data-element_type=\"widget\" data-widget_type=\"heading.default\">\n\t\t\t\t<div class=\"elementor-widget-container\">\n\t\t\t\t\t<h3 class=\"elementor-heading-title elementor-size-default\">2.Wyznacz monotoniczno\u015b\u0107 i ekstrema lokalne funkcji: $$f(x)=x\\ln\\left(x\\right)$$\n<\/h3>\t\t\t\t<\/div>\n\t\t\t\t<\/div>\n\t\t\t\t<\/div>\n\t\t<div class=\"elementor-element elementor-element-f820935 e-con-full e-flex e-con e-child\" data-id=\"f820935\" data-element_type=\"container\" data-settings=\"{&quot;background_background&quot;:&quot;classic&quot;}\">\n\t\t\t\t<div class=\"elementor-element elementor-element-41975de elementor-widget__width-initial elementor-widget elementor-widget-toggle\" data-id=\"41975de\" data-element_type=\"widget\" data-widget_type=\"toggle.default\">\n\t\t\t\t<div class=\"elementor-widget-container\">\n\t\t\t\t\t<div class=\"pmpro\"><div class=\"pmpro_card pmpro_content_message\"><div class=\"pmpro_card_content\">nie czekaj d\u0142u\u017cej, wykup pakiet i sprawd\u017a rozwi\u0105zania.<br \/><a href=\"https:\/\/bezwarunku.pl\/index.php\/wykup-dostep\/\">Przed\u0142u\u017c pakiet!<\/a><\/div><div class=\"pmpro_card_actions pmpro_font-medium\">Already a member? <a href=\"https:\/\/bezwarunku.pl\/index.php\/membership-login\/?redirect_to=https%3A%2F%2Fbezwarunku.pl%2Findex.php%2Fmonotonicznosc-i-ekstrema-lokalne-funkcji%2F\">Log in here<\/a><\/div><\/div><\/div>\t\t\t\t<\/div>\n\t\t\t\t<\/div>\n\t\t\t\t<div class=\"elementor-element elementor-element-1ddc114 elementor-widget elementor-widget-heading\" data-id=\"1ddc114\" data-element_type=\"widget\" data-widget_type=\"heading.default\">\n\t\t\t\t<div class=\"elementor-widget-container\">\n\t\t\t\t\t<h3 class=\"elementor-heading-title elementor-size-default\">3. Wyznacz monotoniczno\u015b\u0107 i ekstrema lokalne funkcji: $$f(x)=x^3-3x^2-9x+7$$\n<\/h3>\t\t\t\t<\/div>\n\t\t\t\t<\/div>\n\t\t\t\t<\/div>\n\t\t<div class=\"elementor-element elementor-element-177ef29 e-con-full e-flex e-con e-child\" data-id=\"177ef29\" data-element_type=\"container\" data-settings=\"{&quot;background_background&quot;:&quot;classic&quot;}\">\n\t\t\t\t<div class=\"elementor-element elementor-element-b4cb097 elementor-widget__width-initial elementor-widget elementor-widget-toggle\" data-id=\"b4cb097\" data-element_type=\"widget\" data-widget_type=\"toggle.default\">\n\t\t\t\t<div class=\"elementor-widget-container\">\n\t\t\t\t\t<div class=\"pmpro\"><div class=\"pmpro_card pmpro_content_message\"><div class=\"pmpro_card_content\">nie czekaj d\u0142u\u017cej, wykup pakiet i sprawd\u017a rozwi\u0105zania.<br \/><a href=\"https:\/\/bezwarunku.pl\/index.php\/wykup-dostep\/\">Przed\u0142u\u017c pakiet!<\/a><\/div><div class=\"pmpro_card_actions pmpro_font-medium\">Already a member? <a href=\"https:\/\/bezwarunku.pl\/index.php\/membership-login\/?redirect_to=https%3A%2F%2Fbezwarunku.pl%2Findex.php%2Fmonotonicznosc-i-ekstrema-lokalne-funkcji%2F\">Log in here<\/a><\/div><\/div><\/div>\t\t\t\t<\/div>\n\t\t\t\t<\/div>\n\t\t\t\t<div class=\"elementor-element elementor-element-64ea738 elementor-widget elementor-widget-heading\" data-id=\"64ea738\" data-element_type=\"widget\" data-widget_type=\"heading.default\">\n\t\t\t\t<div class=\"elementor-widget-container\">\n\t\t\t\t\t<h3 class=\"elementor-heading-title elementor-size-default\">4. Wyznacz monotoniczno\u015b\u0107 i ekstrema lokalne funkcji: $$f(x)=\\left(x+2\\right)^2\\left(x+5\\right)$$\n<\/h3>\t\t\t\t<\/div>\n\t\t\t\t<\/div>\n\t\t\t\t<\/div>\n\t\t<div class=\"elementor-element elementor-element-dc45541 e-con-full e-flex e-con e-child\" data-id=\"dc45541\" data-element_type=\"container\" data-settings=\"{&quot;background_background&quot;:&quot;classic&quot;}\">\n\t\t\t\t<div class=\"elementor-element elementor-element-6147f3b elementor-widget__width-initial elementor-widget elementor-widget-toggle\" data-id=\"6147f3b\" data-element_type=\"widget\" data-widget_type=\"toggle.default\">\n\t\t\t\t<div class=\"elementor-widget-container\">\n\t\t\t\t\t<div class=\"pmpro\"><div class=\"pmpro_card pmpro_content_message\"><div class=\"pmpro_card_content\">nie czekaj d\u0142u\u017cej, wykup pakiet i sprawd\u017a rozwi\u0105zania.<br \/><a href=\"https:\/\/bezwarunku.pl\/index.php\/wykup-dostep\/\">Przed\u0142u\u017c pakiet!<\/a><\/div><div class=\"pmpro_card_actions pmpro_font-medium\">Already a member? <a href=\"https:\/\/bezwarunku.pl\/index.php\/membership-login\/?redirect_to=https%3A%2F%2Fbezwarunku.pl%2Findex.php%2Fmonotonicznosc-i-ekstrema-lokalne-funkcji%2F\">Log in here<\/a><\/div><\/div><\/div>\t\t\t\t<\/div>\n\t\t\t\t<\/div>\n\t\t\t\t<div class=\"elementor-element elementor-element-0ab4456 elementor-widget elementor-widget-heading\" data-id=\"0ab4456\" data-element_type=\"widget\" data-widget_type=\"heading.default\">\n\t\t\t\t<div class=\"elementor-widget-container\">\n\t\t\t\t\t<h3 class=\"elementor-heading-title elementor-size-default\">5. Wyznacz monotoniczno\u015b\u0107 i ekstrema lokalne funkcji: $$f(x)=-\\left(x+1\\right)^2\\left(x-3\\right)^2$$\n<\/h3>\t\t\t\t<\/div>\n\t\t\t\t<\/div>\n\t\t\t\t<\/div>\n\t\t<div class=\"elementor-element elementor-element-58d9f66 e-con-full e-flex e-con e-child\" data-id=\"58d9f66\" data-element_type=\"container\" data-settings=\"{&quot;background_background&quot;:&quot;classic&quot;}\">\n\t\t\t\t<div class=\"elementor-element elementor-element-96d8278 elementor-widget__width-initial elementor-widget elementor-widget-toggle\" data-id=\"96d8278\" data-element_type=\"widget\" data-widget_type=\"toggle.default\">\n\t\t\t\t<div class=\"elementor-widget-container\">\n\t\t\t\t\t<div class=\"pmpro\"><div class=\"pmpro_card pmpro_content_message\"><div class=\"pmpro_card_content\">nie czekaj d\u0142u\u017cej, wykup pakiet i sprawd\u017a rozwi\u0105zania.<br \/><a href=\"https:\/\/bezwarunku.pl\/index.php\/wykup-dostep\/\">Przed\u0142u\u017c pakiet!<\/a><\/div><div class=\"pmpro_card_actions pmpro_font-medium\">Already a member? <a href=\"https:\/\/bezwarunku.pl\/index.php\/membership-login\/?redirect_to=https%3A%2F%2Fbezwarunku.pl%2Findex.php%2Fmonotonicznosc-i-ekstrema-lokalne-funkcji%2F\">Log in here<\/a><\/div><\/div><\/div>\t\t\t\t<\/div>\n\t\t\t\t<\/div>\n\t\t\t\t<div class=\"elementor-element elementor-element-e977084 elementor-widget elementor-widget-heading\" data-id=\"e977084\" data-element_type=\"widget\" data-widget_type=\"heading.default\">\n\t\t\t\t<div class=\"elementor-widget-container\">\n\t\t\t\t\t<h3 class=\"elementor-heading-title elementor-size-default\">6. Wyznacz monotoniczno\u015b\u0107 i ekstrema lokalne funkcji: $$f(x)=\\frac x2+\\frac2x$$\n<\/h3>\t\t\t\t<\/div>\n\t\t\t\t<\/div>\n\t\t\t\t<\/div>\n\t\t<div class=\"elementor-element elementor-element-3619389 e-con-full e-flex e-con e-child\" data-id=\"3619389\" data-element_type=\"container\" data-settings=\"{&quot;background_background&quot;:&quot;classic&quot;}\">\n\t\t\t\t<div class=\"elementor-element elementor-element-1e16f78 elementor-widget__width-initial elementor-widget elementor-widget-toggle\" data-id=\"1e16f78\" data-element_type=\"widget\" data-widget_type=\"toggle.default\">\n\t\t\t\t<div class=\"elementor-widget-container\">\n\t\t\t\t\t<div class=\"pmpro\"><div class=\"pmpro_card pmpro_content_message\"><div class=\"pmpro_card_content\">nie czekaj d\u0142u\u017cej, wykup pakiet i sprawd\u017a rozwi\u0105zania.<br \/><a href=\"https:\/\/bezwarunku.pl\/index.php\/wykup-dostep\/\">Przed\u0142u\u017c pakiet!<\/a><\/div><div class=\"pmpro_card_actions pmpro_font-medium\">Already a member? <a href=\"https:\/\/bezwarunku.pl\/index.php\/membership-login\/?redirect_to=https%3A%2F%2Fbezwarunku.pl%2Findex.php%2Fmonotonicznosc-i-ekstrema-lokalne-funkcji%2F\">Log in here<\/a><\/div><\/div><\/div>\t\t\t\t<\/div>\n\t\t\t\t<\/div>\n\t\t\t\t<div class=\"elementor-element elementor-element-c80fc1c elementor-widget elementor-widget-heading\" data-id=\"c80fc1c\" data-element_type=\"widget\" data-widget_type=\"heading.default\">\n\t\t\t\t<div class=\"elementor-widget-container\">\n\t\t\t\t\t<h3 class=\"elementor-heading-title elementor-size-default\">7. Wyznacz monotoniczno\u015b\u0107 i ekstrema lokalne funkcji: $$f(x)=\\frac{2x+1}{x^2}$$\n<\/h3>\t\t\t\t<\/div>\n\t\t\t\t<\/div>\n\t\t\t\t<\/div>\n\t\t<div class=\"elementor-element elementor-element-e5a4486 e-con-full e-flex e-con e-child\" data-id=\"e5a4486\" data-element_type=\"container\" data-settings=\"{&quot;background_background&quot;:&quot;classic&quot;}\">\n\t\t\t\t<div class=\"elementor-element elementor-element-90cecb7 elementor-widget__width-initial elementor-widget elementor-widget-toggle\" data-id=\"90cecb7\" data-element_type=\"widget\" data-widget_type=\"toggle.default\">\n\t\t\t\t<div class=\"elementor-widget-container\">\n\t\t\t\t\t<div class=\"pmpro\"><div class=\"pmpro_card pmpro_content_message\"><div class=\"pmpro_card_content\">nie czekaj d\u0142u\u017cej, wykup pakiet i sprawd\u017a rozwi\u0105zania.<br \/><a href=\"https:\/\/bezwarunku.pl\/index.php\/wykup-dostep\/\">Przed\u0142u\u017c pakiet!<\/a><\/div><div class=\"pmpro_card_actions pmpro_font-medium\">Already a member? <a href=\"https:\/\/bezwarunku.pl\/index.php\/membership-login\/?redirect_to=https%3A%2F%2Fbezwarunku.pl%2Findex.php%2Fmonotonicznosc-i-ekstrema-lokalne-funkcji%2F\">Log in here<\/a><\/div><\/div><\/div>\t\t\t\t<\/div>\n\t\t\t\t<\/div>\n\t\t\t\t<div class=\"elementor-element elementor-element-0a4f02f elementor-widget elementor-widget-heading\" data-id=\"0a4f02f\" data-element_type=\"widget\" data-widget_type=\"heading.default\">\n\t\t\t\t<div class=\"elementor-widget-container\">\n\t\t\t\t\t<h3 class=\"elementor-heading-title elementor-size-default\">8.  Wyznacz monotoniczno\u015b\u0107 i ekstrema lokalne funkcji: $$f(x)=x-\\frac{16}3x^3$$\n<\/h3>\t\t\t\t<\/div>\n\t\t\t\t<\/div>\n\t\t\t\t<\/div>\n\t\t\t\t\t<\/div>\n\t\t\t\t<\/div>\n\t\t\t\t<\/div>\n\t\t","protected":false},"excerpt":{"rendered":"<p>zarejestruj si\u0119 POCHODNE monotoniczno\u015b\u0107 i ekstrema lokalne funkcji Nie b\u0105d\u017a dziad, wykup pakiet.Przed\u0142\u00f3\u017c pakiet! 1. Wyznacz monotoniczno\u015b\u0107 i ekstrema lokalne funkcji: $$f(x)=2x^3-12x^2+18x-8$$ Nie b\u0105d\u017a dziad, wykup pakiet.Przed\u0142\u00f3\u017c pakiet! 2.Wyznacz monotoniczno\u015b\u0107 i ekstrema lokalne funkcji: $$f(x)=xlnleft(xright)$$ Nie b\u0105d\u017a dziad, wykup pakiet.Przed\u0142\u00f3\u017c pakiet! 3. Wyznacz monotoniczno\u015b\u0107 i ekstrema lokalne funkcji: $$f(x)=x^3-3x^2-9x+7$$ Nie b\u0105d\u017a dziad, wykup pakiet.Przed\u0142\u00f3\u017c pakiet! [&hellip;]<\/p>\n","protected":false},"author":1,"featured_media":0,"parent":0,"menu_order":0,"comment_status":"closed","ping_status":"closed","template":"templates\/landing.php","meta":{"pmpro_default_level":"","_monsterinsights_skip_tracking":false,"_monsterinsights_sitenote_active":false,"_monsterinsights_sitenote_note":"","_monsterinsights_sitenote_category":0,"_uf_show_specific_survey":0,"_uf_disable_surveys":false,"footnotes":""},"class_list":["post-2808","page","type-page","status-publish","hentry","pmpro-has-access","entry","owp-thumbs-layout-horizontal","owp-btn-normal","owp-tabs-layout-horizontal","has-no-thumbnails","has-product-nav"],"aioseo_notices":[],"_links":{"self":[{"href":"https:\/\/bezwarunku.pl\/index.php\/wp-json\/wp\/v2\/pages\/2808","targetHints":{"allow":["GET"]}}],"collection":[{"href":"https:\/\/bezwarunku.pl\/index.php\/wp-json\/wp\/v2\/pages"}],"about":[{"href":"https:\/\/bezwarunku.pl\/index.php\/wp-json\/wp\/v2\/types\/page"}],"author":[{"embeddable":true,"href":"https:\/\/bezwarunku.pl\/index.php\/wp-json\/wp\/v2\/users\/1"}],"replies":[{"embeddable":true,"href":"https:\/\/bezwarunku.pl\/index.php\/wp-json\/wp\/v2\/comments?post=2808"}],"version-history":[{"count":121,"href":"https:\/\/bezwarunku.pl\/index.php\/wp-json\/wp\/v2\/pages\/2808\/revisions"}],"predecessor-version":[{"id":4561,"href":"https:\/\/bezwarunku.pl\/index.php\/wp-json\/wp\/v2\/pages\/2808\/revisions\/4561"}],"wp:attachment":[{"href":"https:\/\/bezwarunku.pl\/index.php\/wp-json\/wp\/v2\/media?parent=2808"}],"curies":[{"name":"wp","href":"https:\/\/api.w.org\/{rel}","templated":true}]}}