{"id":3394,"date":"2024-03-06T21:15:46","date_gmt":"2024-03-06T21:15:46","guid":{"rendered":"https:\/\/bezwarunku.pl\/?page_id=3394"},"modified":"2024-05-15T11:05:33","modified_gmt":"2024-05-15T10:05:33","slug":"potega-liczb-zespolonych-wzor-de-moivrea","status":"publish","type":"page","link":"https:\/\/bezwarunku.pl\/index.php\/potega-liczb-zespolonych-wzor-de-moivrea\/","title":{"rendered":"pot\u0119ga liczb zespolonych- wz\u00f3r de Moivre&#8217;a"},"content":{"rendered":"\t\t<div data-elementor-type=\"wp-page\" data-elementor-id=\"3394\" class=\"elementor elementor-3394\" data-elementor-post-type=\"page\">\n\t\t\t\t<header class=\"elementor-element elementor-element-2fc47a2 e-con-full e-flex e-con e-parent\" data-id=\"2fc47a2\" data-element_type=\"container\" data-settings=\"{&quot;background_background&quot;:&quot;classic&quot;}\">\n\t\t<div class=\"elementor-element elementor-element-dc75e83 e-con-full e-flex e-con e-child\" data-id=\"dc75e83\" data-element_type=\"container\">\n\t\t\t\t<div class=\"elementor-element elementor-element-88b01cf elementor-widget elementor-widget-image\" data-id=\"88b01cf\" data-element_type=\"widget\" data-widget_type=\"image.default\">\n\t\t\t\t<div class=\"elementor-widget-container\">\n\t\t\t\t\t\t\t\t\t\t\t\t\t\t\t\t<a href=\"https:\/\/bezwarunku.pl\">\n\t\t\t\t\t\t\t<img fetchpriority=\"high\" decoding=\"async\" width=\"1170\" height=\"1170\" src=\"https:\/\/bezwarunku.pl\/wp-content\/uploads\/2023\/10\/BEZWARUNKU-1.jpg\" class=\"attachment-full size-full wp-image-39\" alt=\"\" srcset=\"https:\/\/bezwarunku.pl\/wp-content\/uploads\/2023\/10\/BEZWARUNKU-1.jpg 1170w, https:\/\/bezwarunku.pl\/wp-content\/uploads\/2023\/10\/BEZWARUNKU-1-300x300.jpg 300w, https:\/\/bezwarunku.pl\/wp-content\/uploads\/2023\/10\/BEZWARUNKU-1-1024x1024.jpg 1024w, https:\/\/bezwarunku.pl\/wp-content\/uploads\/2023\/10\/BEZWARUNKU-1-150x150.jpg 150w, https:\/\/bezwarunku.pl\/wp-content\/uploads\/2023\/10\/BEZWARUNKU-1-768x768.jpg 768w, https:\/\/bezwarunku.pl\/wp-content\/uploads\/2023\/10\/BEZWARUNKU-1-600x600.jpg 600w, https:\/\/bezwarunku.pl\/wp-content\/uploads\/2023\/10\/BEZWARUNKU-1-100x100.jpg 100w\" sizes=\"(max-width: 1170px) 100vw, 1170px\" \/>\t\t\t\t\t\t\t\t<\/a>\n\t\t\t\t\t\t\t\t\t\t\t\t\t\t\t<\/div>\n\t\t\t\t<\/div>\n\t\t\t\t<\/div>\n\t\t<div class=\"elementor-element elementor-element-9033038 e-con-full e-flex e-con e-child\" data-id=\"9033038\" data-element_type=\"container\">\n\t\t\t\t<div class=\"elementor-element elementor-element-e57fdff elementor-nav-menu--stretch elementor-widget__width-auto elementor-nav-menu__text-align-center elementor-nav-menu--dropdown-tablet elementor-nav-menu--toggle elementor-nav-menu--burger elementor-widget elementor-widget-nav-menu\" data-id=\"e57fdff\" data-element_type=\"widget\" data-settings=\"{&quot;full_width&quot;:&quot;stretch&quot;,&quot;layout&quot;:&quot;horizontal&quot;,&quot;submenu_icon&quot;:{&quot;value&quot;:&quot;&lt;svg class=\\&quot;e-font-icon-svg e-fas-caret-down\\&quot; viewBox=\\&quot;0 0 320 512\\&quot; xmlns=\\&quot;http:\\\/\\\/www.w3.org\\\/2000\\\/svg\\&quot;&gt;&lt;path d=\\&quot;M31.3 192h257.3c17.8 0 26.7 21.5 14.1 34.1L174.1 354.8c-7.8 7.8-20.5 7.8-28.3 0L17.2 226.1C4.6 213.5 13.5 192 31.3 192z\\&quot;&gt;&lt;\\\/path&gt;&lt;\\\/svg&gt;&quot;,&quot;library&quot;:&quot;fa-solid&quot;},&quot;toggle&quot;:&quot;burger&quot;}\" data-widget_type=\"nav-menu.default\">\n\t\t\t\t<div class=\"elementor-widget-container\">\n\t\t\t\t\t\t\t\t<nav aria-label=\"Menu\" class=\"elementor-nav-menu--main elementor-nav-menu__container elementor-nav-menu--layout-horizontal e--pointer-background e--animation-sweep-right\">\n\t\t\t\t<ul id=\"menu-1-e57fdff\" class=\"elementor-nav-menu\"><li class=\"menu-item menu-item-type-post_type menu-item-object-page menu-item-home menu-item-142\"><a href=\"https:\/\/bezwarunku.pl\/\" class=\"elementor-item\">G\u0141\u00d3WNA<\/a><\/li>\n<li class=\"menu-item menu-item-type-custom menu-item-object-custom menu-item-177\"><a href=\"https:\/\/bezwarunku.pl\/index.php\/wykup-dostep\/\" class=\"elementor-item\">CENNIK<\/a><\/li>\n<li class=\"menu-item menu-item-type-post_type menu-item-object-page menu-item-4681\"><a href=\"https:\/\/bezwarunku.pl\/index.php\/regulamin\/\" class=\"elementor-item\">regulamin<\/a><\/li>\n<\/ul>\t\t\t<\/nav>\n\t\t\t\t\t<div class=\"elementor-menu-toggle\" role=\"button\" tabindex=\"0\" aria-label=\"Menu Toggle\" aria-expanded=\"false\">\n\t\t\t<svg aria-hidden=\"true\" role=\"presentation\" class=\"elementor-menu-toggle__icon--open e-font-icon-svg e-eicon-menu-bar\" viewBox=\"0 0 1000 1000\" xmlns=\"http:\/\/www.w3.org\/2000\/svg\"><path d=\"M104 333H896C929 333 958 304 958 271S929 208 896 208H104C71 208 42 237 42 271S71 333 104 333ZM104 583H896C929 583 958 554 958 521S929 458 896 458H104C71 458 42 487 42 521S71 583 104 583ZM104 833H896C929 833 958 804 958 771S929 708 896 708H104C71 708 42 737 42 771S71 833 104 833Z\"><\/path><\/svg><svg aria-hidden=\"true\" role=\"presentation\" class=\"elementor-menu-toggle__icon--close e-font-icon-svg e-eicon-close\" viewBox=\"0 0 1000 1000\" xmlns=\"http:\/\/www.w3.org\/2000\/svg\"><path d=\"M742 167L500 408 258 167C246 154 233 150 217 150 196 150 179 158 167 167 154 179 150 196 150 212 150 229 154 242 171 254L408 500 167 742C138 771 138 800 167 829 196 858 225 858 254 829L496 587 738 829C750 842 767 846 783 846 800 846 817 842 829 829 842 817 846 804 846 783 846 767 842 750 829 737L588 500 833 258C863 229 863 200 833 171 804 137 775 137 742 167Z\"><\/path><\/svg>\t\t\t<span class=\"elementor-screen-only\">Menu<\/span>\n\t\t<\/div>\n\t\t\t\t\t<nav class=\"elementor-nav-menu--dropdown elementor-nav-menu__container\" aria-hidden=\"true\">\n\t\t\t\t<ul id=\"menu-2-e57fdff\" class=\"elementor-nav-menu\"><li class=\"menu-item menu-item-type-post_type menu-item-object-page menu-item-home menu-item-142\"><a href=\"https:\/\/bezwarunku.pl\/\" class=\"elementor-item\" tabindex=\"-1\">G\u0141\u00d3WNA<\/a><\/li>\n<li class=\"menu-item menu-item-type-custom menu-item-object-custom menu-item-177\"><a href=\"https:\/\/bezwarunku.pl\/index.php\/wykup-dostep\/\" class=\"elementor-item\" tabindex=\"-1\">CENNIK<\/a><\/li>\n<li class=\"menu-item menu-item-type-post_type menu-item-object-page menu-item-4681\"><a href=\"https:\/\/bezwarunku.pl\/index.php\/regulamin\/\" class=\"elementor-item\" tabindex=\"-1\">regulamin<\/a><\/li>\n<\/ul>\t\t\t<\/nav>\n\t\t\t\t\t\t<\/div>\n\t\t\t\t<\/div>\n\t\t\t\t<div class=\"elementor-element elementor-element-aeb6f7b elementor-widget__width-auto elementor-widget elementor-widget-button\" data-id=\"aeb6f7b\" data-element_type=\"widget\" data-widget_type=\"button.default\">\n\t\t\t\t<div class=\"elementor-widget-container\">\n\t\t\t\t\t\t\t\t\t<div class=\"elementor-button-wrapper\">\n\t\t\t\t\t<a class=\"elementor-button elementor-button-link elementor-size-sm\" href=\"https:\/\/bezwarunku.pl\">\n\t\t\t\t\t\t<span class=\"elementor-button-content-wrapper\">\n\t\t\t\t\t\t\t\t\t<span class=\"elementor-button-text\">zarejestruj si\u0119<\/span>\n\t\t\t\t\t<\/span>\n\t\t\t\t\t<\/a>\n\t\t\t\t<\/div>\n\t\t\t\t\t\t\t\t<\/div>\n\t\t\t\t<\/div>\n\t\t\t\t<\/div>\n\t\t\t\t<\/header>\n\t\t<div class=\"elementor-element elementor-element-1dce31f e-con-full e-flex e-con e-parent\" data-id=\"1dce31f\" data-element_type=\"container\" data-settings=\"{&quot;background_background&quot;:&quot;classic&quot;}\">\n\t\t\t\t<div class=\"elementor-element elementor-element-8ad345b elementor-widget elementor-widget-heading\" data-id=\"8ad345b\" data-element_type=\"widget\" data-widget_type=\"heading.default\">\n\t\t\t\t<div class=\"elementor-widget-container\">\n\t\t\t\t\t<h2 class=\"elementor-heading-title elementor-size-default\"><a href=\"https:\/\/bezwarunku.pl\/index.php\/analiza-matematyczna\/?preview_id=200&#038;preview_nonce=87c719741f&#038;preview=true\">LICZBY ZESPOLONE<\/a><\/h2>\t\t\t\t<\/div>\n\t\t\t\t<\/div>\n\t\t\t\t<div class=\"elementor-element elementor-element-72bbc5c animated-slow elementor-invisible elementor-widget elementor-widget-heading\" data-id=\"72bbc5c\" data-element_type=\"widget\" data-settings=\"{&quot;_animation&quot;:&quot;slideInUp&quot;}\" data-widget_type=\"heading.default\">\n\t\t\t\t<div class=\"elementor-widget-container\">\n\t\t\t\t\t<h2 class=\"elementor-heading-title elementor-size-default\">pot\u0119gowanie liczb zespolonych- wz\u00f3r de Moivre'a<\/h2>\t\t\t\t<\/div>\n\t\t\t\t<\/div>\n\t\t\t\t<\/div>\n\t\t<div class=\"elementor-element elementor-element-5ee1f8a e-flex e-con-boxed e-con e-parent\" data-id=\"5ee1f8a\" data-element_type=\"container\">\n\t\t\t\t\t<div class=\"e-con-inner\">\n\t\t\t\t<div class=\"elementor-element elementor-element-95d46d6 elementor-widget elementor-widget-heading\" data-id=\"95d46d6\" data-element_type=\"widget\" data-widget_type=\"heading.default\">\n\t\t\t\t<div class=\"elementor-widget-container\">\n\t\t\t\t\t<h2 class=\"elementor-heading-title elementor-size-default\">wz\u00f3r de Moivre'a :$$\\mathrm z^{\\mathrm n}=\\left|\\mathrm z\\right|^{\\mathrm n}\\left(\\cos\\left(\\mathrm n\\cdot\\mathrm\\alpha\\right)+\\mathrm{isin}\\left(\\mathrm n\\cdot\\mathrm\\alpha\\right)\\right)$$<\/h2>\t\t\t\t<\/div>\n\t\t\t\t<\/div>\n\t\t\t\t\t<\/div>\n\t\t\t\t<\/div>\n\t\t<div class=\"elementor-element elementor-element-88de244 e-flex e-con-boxed e-con e-parent\" data-id=\"88de244\" data-element_type=\"container\" data-settings=\"{&quot;background_background&quot;:&quot;classic&quot;}\">\n\t\t\t\t\t<div class=\"e-con-inner\">\n\t\t<div class=\"elementor-element elementor-element-b53619b e-con-full e-flex e-con e-child\" data-id=\"b53619b\" data-element_type=\"container\" data-settings=\"{&quot;background_background&quot;:&quot;classic&quot;}\">\n\t\t\t\t<div class=\"elementor-element elementor-element-355d0e1 elementor-widget elementor-widget-heading\" data-id=\"355d0e1\" data-element_type=\"widget\" data-widget_type=\"heading.default\">\n\t\t\t\t<div class=\"elementor-widget-container\">\n\t\t\t\t\t<h4 class=\"elementor-heading-title elementor-size-medium\">1. Oblicz: $$\\left(1+\\mathrm i\\right)^4$$<\/h4>\t\t\t\t<\/div>\n\t\t\t\t<\/div>\n\t\t\t\t<div class=\"elementor-element elementor-element-9a1a4e3 elementor-widget__width-initial elementor-widget elementor-widget-toggle\" data-id=\"9a1a4e3\" data-element_type=\"widget\" data-widget_type=\"toggle.default\">\n\t\t\t\t<div class=\"elementor-widget-container\">\n\t\t\t\t\t<div class=\"pmpro\"><div class=\"pmpro_card pmpro_content_message\"><div class=\"pmpro_card_content\">nie czekaj d\u0142u\u017cej, wykup pakiet i sprawd\u017a rozwi\u0105zania.<br \/><a href=\"https:\/\/bezwarunku.pl\/index.php\/wykup-dostep\/\">Przed\u0142u\u017c pakiet!<\/a><\/div><div class=\"pmpro_card_actions pmpro_font-medium\">Already a member? <a href=\"https:\/\/bezwarunku.pl\/index.php\/membership-login\/?redirect_to=https%3A%2F%2Fbezwarunku.pl%2Findex.php%2Fpotega-liczb-zespolonych-wzor-de-moivrea%2F\">Log in here<\/a><\/div><\/div><\/div>\t\t\t\t<\/div>\n\t\t\t\t<\/div>\n\t\t\t\t<\/div>\n\t\t<div class=\"elementor-element elementor-element-c386c2d e-con-full e-flex e-con e-child\" data-id=\"c386c2d\" data-element_type=\"container\" data-settings=\"{&quot;background_background&quot;:&quot;classic&quot;}\">\n\t\t\t\t<div class=\"elementor-element elementor-element-68e2f06 elementor-widget__width-initial elementor-widget elementor-widget-toggle\" data-id=\"68e2f06\" data-element_type=\"widget\" data-widget_type=\"toggle.default\">\n\t\t\t\t<div class=\"elementor-widget-container\">\n\t\t\t\t\t<div class=\"pmpro\"><div class=\"pmpro_card pmpro_content_message\"><div class=\"pmpro_card_content\">nie czekaj d\u0142u\u017cej, wykup pakiet i sprawd\u017a rozwi\u0105zania.<br \/><a href=\"https:\/\/bezwarunku.pl\/index.php\/wykup-dostep\/\">Przed\u0142u\u017c pakiet!<\/a><\/div><div class=\"pmpro_card_actions pmpro_font-medium\">Already a member? <a href=\"https:\/\/bezwarunku.pl\/index.php\/membership-login\/?redirect_to=https%3A%2F%2Fbezwarunku.pl%2Findex.php%2Fpotega-liczb-zespolonych-wzor-de-moivrea%2F\">Log in here<\/a><\/div><\/div><\/div>\t\t\t\t<\/div>\n\t\t\t\t<\/div>\n\t\t\t\t<div class=\"elementor-element elementor-element-ce6378c elementor-widget elementor-widget-heading\" data-id=\"ce6378c\" data-element_type=\"widget\" data-widget_type=\"heading.default\">\n\t\t\t\t<div class=\"elementor-widget-container\">\n\t\t\t\t\t<h4 class=\"elementor-heading-title elementor-size-medium\">2. Oblicz: $$z=\\left(1-\\sqrt3i\\right)^4$$<\/h4>\t\t\t\t<\/div>\n\t\t\t\t<\/div>\n\t\t\t\t<\/div>\n\t\t<div class=\"elementor-element elementor-element-633c0d8 e-con-full e-flex e-con e-child\" data-id=\"633c0d8\" data-element_type=\"container\" data-settings=\"{&quot;background_background&quot;:&quot;classic&quot;}\">\n\t\t\t\t<div class=\"elementor-element elementor-element-8f53564 elementor-widget__width-initial elementor-widget elementor-widget-toggle\" data-id=\"8f53564\" data-element_type=\"widget\" data-widget_type=\"toggle.default\">\n\t\t\t\t<div class=\"elementor-widget-container\">\n\t\t\t\t\t<div class=\"pmpro\"><div class=\"pmpro_card pmpro_content_message\"><div class=\"pmpro_card_content\">nie czekaj d\u0142u\u017cej, wykup pakiet i sprawd\u017a rozwi\u0105zania.<br \/><a href=\"https:\/\/bezwarunku.pl\/index.php\/wykup-dostep\/\">Przed\u0142u\u017c pakiet!<\/a><\/div><div class=\"pmpro_card_actions pmpro_font-medium\">Already a member? <a href=\"https:\/\/bezwarunku.pl\/index.php\/membership-login\/?redirect_to=https%3A%2F%2Fbezwarunku.pl%2Findex.php%2Fpotega-liczb-zespolonych-wzor-de-moivrea%2F\">Log in here<\/a><\/div><\/div><\/div>\t\t\t\t<\/div>\n\t\t\t\t<\/div>\n\t\t\t\t<div class=\"elementor-element elementor-element-f0f6123 elementor-widget elementor-widget-heading\" data-id=\"f0f6123\" data-element_type=\"widget\" data-widget_type=\"heading.default\">\n\t\t\t\t<div class=\"elementor-widget-container\">\n\t\t\t\t\t<h4 class=\"elementor-heading-title elementor-size-medium\">3. Oblicz: $$\\left(-2\\sqrt3-2i\\right)^{12}$$<\/h4>\t\t\t\t<\/div>\n\t\t\t\t<\/div>\n\t\t\t\t<\/div>\n\t\t<div class=\"elementor-element elementor-element-c8a8576 e-con-full e-flex e-con e-child\" data-id=\"c8a8576\" data-element_type=\"container\" data-settings=\"{&quot;background_background&quot;:&quot;classic&quot;}\">\n\t\t\t\t<div class=\"elementor-element elementor-element-21ab923 elementor-widget__width-initial elementor-widget elementor-widget-toggle\" data-id=\"21ab923\" data-element_type=\"widget\" data-widget_type=\"toggle.default\">\n\t\t\t\t<div class=\"elementor-widget-container\">\n\t\t\t\t\t<div class=\"pmpro\"><div class=\"pmpro_card pmpro_content_message\"><div class=\"pmpro_card_content\">nie czekaj d\u0142u\u017cej, wykup pakiet i sprawd\u017a rozwi\u0105zania.<br \/><a href=\"https:\/\/bezwarunku.pl\/index.php\/wykup-dostep\/\">Przed\u0142u\u017c pakiet!<\/a><\/div><div class=\"pmpro_card_actions pmpro_font-medium\">Already a member? <a href=\"https:\/\/bezwarunku.pl\/index.php\/membership-login\/?redirect_to=https%3A%2F%2Fbezwarunku.pl%2Findex.php%2Fpotega-liczb-zespolonych-wzor-de-moivrea%2F\">Log in here<\/a><\/div><\/div><\/div>\t\t\t\t<\/div>\n\t\t\t\t<\/div>\n\t\t\t\t<div class=\"elementor-element elementor-element-6a5e110 elementor-widget elementor-widget-heading\" data-id=\"6a5e110\" data-element_type=\"widget\" data-widget_type=\"heading.default\">\n\t\t\t\t<div class=\"elementor-widget-container\">\n\t\t\t\t\t<h4 class=\"elementor-heading-title elementor-size-medium\">4. Oblicz: $$\\left(-4+4i\\right)^{26}$$<\/h4>\t\t\t\t<\/div>\n\t\t\t\t<\/div>\n\t\t\t\t<\/div>\n\t\t<div class=\"elementor-element elementor-element-460dfa1 e-con-full e-flex e-con e-child\" data-id=\"460dfa1\" data-element_type=\"container\" data-settings=\"{&quot;background_background&quot;:&quot;classic&quot;}\">\n\t\t\t\t<div class=\"elementor-element elementor-element-b7bb773 elementor-widget__width-initial elementor-widget elementor-widget-toggle\" data-id=\"b7bb773\" data-element_type=\"widget\" data-widget_type=\"toggle.default\">\n\t\t\t\t<div class=\"elementor-widget-container\">\n\t\t\t\t\t<div class=\"pmpro\"><div class=\"pmpro_card pmpro_content_message\"><div class=\"pmpro_card_content\">nie czekaj d\u0142u\u017cej, wykup pakiet i sprawd\u017a rozwi\u0105zania.<br \/><a href=\"https:\/\/bezwarunku.pl\/index.php\/wykup-dostep\/\">Przed\u0142u\u017c pakiet!<\/a><\/div><div class=\"pmpro_card_actions pmpro_font-medium\">Already a member? <a href=\"https:\/\/bezwarunku.pl\/index.php\/membership-login\/?redirect_to=https%3A%2F%2Fbezwarunku.pl%2Findex.php%2Fpotega-liczb-zespolonych-wzor-de-moivrea%2F\">Log in here<\/a><\/div><\/div><\/div>\t\t\t\t<\/div>\n\t\t\t\t<\/div>\n\t\t\t\t<div class=\"elementor-element elementor-element-57237b4 elementor-widget elementor-widget-heading\" data-id=\"57237b4\" data-element_type=\"widget\" data-widget_type=\"heading.default\">\n\t\t\t\t<div class=\"elementor-widget-container\">\n\t\t\t\t\t<h4 class=\"elementor-heading-title elementor-size-medium\">5. Oblicz: $$\\left(1-i\\right)^8$$<\/h4>\t\t\t\t<\/div>\n\t\t\t\t<\/div>\n\t\t\t\t<\/div>\n\t\t\t\t\t<\/div>\n\t\t\t\t<\/div>\n\t\t\t\t<\/div>\n\t\t","protected":false},"excerpt":{"rendered":"<p>zarejestruj si\u0119 LICZBY ZESPOLONE pot\u0119gowanie liczb zespolonych- wz\u00f3r de Moivre&#8217;a wz\u00f3r de Moivre&#8217;a :$$mathrm z^{mathrm n}=left|mathrm zright|^{mathrm n}left(cosleft(mathrm ncdotmathrmalpharight)+mathrm{isin}left(mathrm ncdotmathrmalpharight)right)$$ 1. Oblicz: $$left(1+mathrm iright)^4$$ Nie b\u0105d\u017a dziad, wykup pakiet.Przed\u0142\u00f3\u017c pakiet! Nie b\u0105d\u017a dziad, wykup pakiet.Przed\u0142\u00f3\u017c pakiet! 2. Oblicz: $$z=left(1-sqrt3iright)^4$$ Nie b\u0105d\u017a dziad, wykup pakiet.Przed\u0142\u00f3\u017c pakiet! 3. Oblicz: $$left(-2sqrt3-2iright)^{12}$$ Nie b\u0105d\u017a dziad, wykup pakiet.Przed\u0142\u00f3\u017c pakiet! 4. [&hellip;]<\/p>\n","protected":false},"author":1,"featured_media":0,"parent":0,"menu_order":0,"comment_status":"closed","ping_status":"closed","template":"templates\/landing.php","meta":{"pmpro_default_level":"","_monsterinsights_skip_tracking":false,"_monsterinsights_sitenote_active":false,"_monsterinsights_sitenote_note":"","_monsterinsights_sitenote_category":0,"_uf_show_specific_survey":0,"_uf_disable_surveys":false,"footnotes":""},"class_list":["post-3394","page","type-page","status-publish","hentry","pmpro-has-access","entry","owp-thumbs-layout-horizontal","owp-btn-normal","owp-tabs-layout-horizontal","has-no-thumbnails","has-product-nav"],"aioseo_notices":[],"_links":{"self":[{"href":"https:\/\/bezwarunku.pl\/index.php\/wp-json\/wp\/v2\/pages\/3394","targetHints":{"allow":["GET"]}}],"collection":[{"href":"https:\/\/bezwarunku.pl\/index.php\/wp-json\/wp\/v2\/pages"}],"about":[{"href":"https:\/\/bezwarunku.pl\/index.php\/wp-json\/wp\/v2\/types\/page"}],"author":[{"embeddable":true,"href":"https:\/\/bezwarunku.pl\/index.php\/wp-json\/wp\/v2\/users\/1"}],"replies":[{"embeddable":true,"href":"https:\/\/bezwarunku.pl\/index.php\/wp-json\/wp\/v2\/comments?post=3394"}],"version-history":[{"count":34,"href":"https:\/\/bezwarunku.pl\/index.php\/wp-json\/wp\/v2\/pages\/3394\/revisions"}],"predecessor-version":[{"id":4570,"href":"https:\/\/bezwarunku.pl\/index.php\/wp-json\/wp\/v2\/pages\/3394\/revisions\/4570"}],"wp:attachment":[{"href":"https:\/\/bezwarunku.pl\/index.php\/wp-json\/wp\/v2\/media?parent=3394"}],"curies":[{"name":"wp","href":"https:\/\/api.w.org\/{rel}","templated":true}]}}