{"id":3474,"date":"2024-03-07T13:26:12","date_gmt":"2024-03-07T13:26:12","guid":{"rendered":"https:\/\/bezwarunku.pl\/?page_id=3474"},"modified":"2024-05-15T11:15:33","modified_gmt":"2024-05-15T10:15:33","slug":"rownania-zespolone","status":"publish","type":"page","link":"https:\/\/bezwarunku.pl\/index.php\/rownania-zespolone\/","title":{"rendered":"r\u00f3wnania zespolone"},"content":{"rendered":"\t\t<div data-elementor-type=\"wp-page\" data-elementor-id=\"3474\" class=\"elementor elementor-3474\" data-elementor-post-type=\"page\">\n\t\t\t\t<header class=\"elementor-element elementor-element-328ebbb e-con-full e-flex e-con e-parent\" data-id=\"328ebbb\" data-element_type=\"container\" data-settings=\"{&quot;background_background&quot;:&quot;classic&quot;}\">\n\t\t<div class=\"elementor-element elementor-element-e8bdad5 e-con-full e-flex e-con e-child\" data-id=\"e8bdad5\" data-element_type=\"container\">\n\t\t\t\t<div class=\"elementor-element elementor-element-4b361d2 elementor-widget elementor-widget-image\" data-id=\"4b361d2\" data-element_type=\"widget\" data-widget_type=\"image.default\">\n\t\t\t\t<div class=\"elementor-widget-container\">\n\t\t\t\t\t\t\t\t\t\t\t\t\t\t\t\t<a href=\"https:\/\/bezwarunku.pl\">\n\t\t\t\t\t\t\t<img fetchpriority=\"high\" decoding=\"async\" width=\"1170\" height=\"1170\" src=\"https:\/\/bezwarunku.pl\/wp-content\/uploads\/2023\/10\/BEZWARUNKU-1.jpg\" class=\"attachment-full size-full wp-image-39\" alt=\"\" srcset=\"https:\/\/bezwarunku.pl\/wp-content\/uploads\/2023\/10\/BEZWARUNKU-1.jpg 1170w, https:\/\/bezwarunku.pl\/wp-content\/uploads\/2023\/10\/BEZWARUNKU-1-300x300.jpg 300w, https:\/\/bezwarunku.pl\/wp-content\/uploads\/2023\/10\/BEZWARUNKU-1-1024x1024.jpg 1024w, https:\/\/bezwarunku.pl\/wp-content\/uploads\/2023\/10\/BEZWARUNKU-1-150x150.jpg 150w, https:\/\/bezwarunku.pl\/wp-content\/uploads\/2023\/10\/BEZWARUNKU-1-768x768.jpg 768w, https:\/\/bezwarunku.pl\/wp-content\/uploads\/2023\/10\/BEZWARUNKU-1-600x600.jpg 600w, https:\/\/bezwarunku.pl\/wp-content\/uploads\/2023\/10\/BEZWARUNKU-1-100x100.jpg 100w\" sizes=\"(max-width: 1170px) 100vw, 1170px\" \/>\t\t\t\t\t\t\t\t<\/a>\n\t\t\t\t\t\t\t\t\t\t\t\t\t\t\t<\/div>\n\t\t\t\t<\/div>\n\t\t\t\t<\/div>\n\t\t<div class=\"elementor-element elementor-element-a9d1121 e-con-full e-flex e-con e-child\" data-id=\"a9d1121\" data-element_type=\"container\">\n\t\t\t\t<div class=\"elementor-element elementor-element-b371d2a elementor-nav-menu--stretch elementor-widget__width-auto elementor-nav-menu__text-align-center elementor-nav-menu--dropdown-tablet elementor-nav-menu--toggle elementor-nav-menu--burger elementor-widget elementor-widget-nav-menu\" data-id=\"b371d2a\" data-element_type=\"widget\" data-settings=\"{&quot;full_width&quot;:&quot;stretch&quot;,&quot;layout&quot;:&quot;horizontal&quot;,&quot;submenu_icon&quot;:{&quot;value&quot;:&quot;&lt;svg class=\\&quot;e-font-icon-svg e-fas-caret-down\\&quot; viewBox=\\&quot;0 0 320 512\\&quot; xmlns=\\&quot;http:\\\/\\\/www.w3.org\\\/2000\\\/svg\\&quot;&gt;&lt;path d=\\&quot;M31.3 192h257.3c17.8 0 26.7 21.5 14.1 34.1L174.1 354.8c-7.8 7.8-20.5 7.8-28.3 0L17.2 226.1C4.6 213.5 13.5 192 31.3 192z\\&quot;&gt;&lt;\\\/path&gt;&lt;\\\/svg&gt;&quot;,&quot;library&quot;:&quot;fa-solid&quot;},&quot;toggle&quot;:&quot;burger&quot;}\" data-widget_type=\"nav-menu.default\">\n\t\t\t\t<div class=\"elementor-widget-container\">\n\t\t\t\t\t\t\t\t<nav aria-label=\"Menu\" class=\"elementor-nav-menu--main elementor-nav-menu__container elementor-nav-menu--layout-horizontal e--pointer-background e--animation-sweep-right\">\n\t\t\t\t<ul id=\"menu-1-b371d2a\" class=\"elementor-nav-menu\"><li class=\"menu-item menu-item-type-post_type menu-item-object-page menu-item-home menu-item-142\"><a href=\"https:\/\/bezwarunku.pl\/\" class=\"elementor-item\">G\u0141\u00d3WNA<\/a><\/li>\n<li class=\"menu-item menu-item-type-custom menu-item-object-custom menu-item-177\"><a href=\"https:\/\/bezwarunku.pl\/index.php\/wykup-dostep\/\" class=\"elementor-item\">CENNIK<\/a><\/li>\n<li class=\"menu-item menu-item-type-post_type menu-item-object-page menu-item-4681\"><a href=\"https:\/\/bezwarunku.pl\/index.php\/regulamin\/\" class=\"elementor-item\">regulamin<\/a><\/li>\n<\/ul>\t\t\t<\/nav>\n\t\t\t\t\t<div class=\"elementor-menu-toggle\" role=\"button\" tabindex=\"0\" aria-label=\"Menu Toggle\" aria-expanded=\"false\">\n\t\t\t<svg aria-hidden=\"true\" role=\"presentation\" class=\"elementor-menu-toggle__icon--open e-font-icon-svg e-eicon-menu-bar\" viewBox=\"0 0 1000 1000\" xmlns=\"http:\/\/www.w3.org\/2000\/svg\"><path d=\"M104 333H896C929 333 958 304 958 271S929 208 896 208H104C71 208 42 237 42 271S71 333 104 333ZM104 583H896C929 583 958 554 958 521S929 458 896 458H104C71 458 42 487 42 521S71 583 104 583ZM104 833H896C929 833 958 804 958 771S929 708 896 708H104C71 708 42 737 42 771S71 833 104 833Z\"><\/path><\/svg><svg aria-hidden=\"true\" role=\"presentation\" class=\"elementor-menu-toggle__icon--close e-font-icon-svg e-eicon-close\" viewBox=\"0 0 1000 1000\" xmlns=\"http:\/\/www.w3.org\/2000\/svg\"><path d=\"M742 167L500 408 258 167C246 154 233 150 217 150 196 150 179 158 167 167 154 179 150 196 150 212 150 229 154 242 171 254L408 500 167 742C138 771 138 800 167 829 196 858 225 858 254 829L496 587 738 829C750 842 767 846 783 846 800 846 817 842 829 829 842 817 846 804 846 783 846 767 842 750 829 737L588 500 833 258C863 229 863 200 833 171 804 137 775 137 742 167Z\"><\/path><\/svg>\t\t\t<span class=\"elementor-screen-only\">Menu<\/span>\n\t\t<\/div>\n\t\t\t\t\t<nav class=\"elementor-nav-menu--dropdown elementor-nav-menu__container\" aria-hidden=\"true\">\n\t\t\t\t<ul id=\"menu-2-b371d2a\" class=\"elementor-nav-menu\"><li class=\"menu-item menu-item-type-post_type menu-item-object-page menu-item-home menu-item-142\"><a href=\"https:\/\/bezwarunku.pl\/\" class=\"elementor-item\" tabindex=\"-1\">G\u0141\u00d3WNA<\/a><\/li>\n<li class=\"menu-item menu-item-type-custom menu-item-object-custom menu-item-177\"><a href=\"https:\/\/bezwarunku.pl\/index.php\/wykup-dostep\/\" class=\"elementor-item\" tabindex=\"-1\">CENNIK<\/a><\/li>\n<li class=\"menu-item menu-item-type-post_type menu-item-object-page menu-item-4681\"><a href=\"https:\/\/bezwarunku.pl\/index.php\/regulamin\/\" class=\"elementor-item\" tabindex=\"-1\">regulamin<\/a><\/li>\n<\/ul>\t\t\t<\/nav>\n\t\t\t\t\t\t<\/div>\n\t\t\t\t<\/div>\n\t\t\t\t<div class=\"elementor-element elementor-element-0bbfda2 elementor-widget__width-auto elementor-widget elementor-widget-button\" data-id=\"0bbfda2\" data-element_type=\"widget\" data-widget_type=\"button.default\">\n\t\t\t\t<div class=\"elementor-widget-container\">\n\t\t\t\t\t\t\t\t\t<div class=\"elementor-button-wrapper\">\n\t\t\t\t\t<a class=\"elementor-button elementor-button-link elementor-size-sm\" href=\"https:\/\/bezwarunku.pl\">\n\t\t\t\t\t\t<span class=\"elementor-button-content-wrapper\">\n\t\t\t\t\t\t\t\t\t<span class=\"elementor-button-text\">zarejestruj si\u0119<\/span>\n\t\t\t\t\t<\/span>\n\t\t\t\t\t<\/a>\n\t\t\t\t<\/div>\n\t\t\t\t\t\t\t\t<\/div>\n\t\t\t\t<\/div>\n\t\t\t\t<\/div>\n\t\t\t\t<\/header>\n\t\t<div class=\"elementor-element elementor-element-ebfea30 e-con-full e-flex e-con e-parent\" data-id=\"ebfea30\" data-element_type=\"container\" data-settings=\"{&quot;background_background&quot;:&quot;classic&quot;}\">\n\t\t\t\t<div class=\"elementor-element elementor-element-31f2c57 elementor-widget elementor-widget-heading\" data-id=\"31f2c57\" data-element_type=\"widget\" data-widget_type=\"heading.default\">\n\t\t\t\t<div class=\"elementor-widget-container\">\n\t\t\t\t\t<h2 class=\"elementor-heading-title elementor-size-default\"><a href=\"https:\/\/bezwarunku.pl\/index.php\/analiza-matematyczna\/?preview_id=200&#038;preview_nonce=87c719741f&#038;preview=true\">LICZBY ZESPOLONE<\/a><\/h2>\t\t\t\t<\/div>\n\t\t\t\t<\/div>\n\t\t\t\t<div class=\"elementor-element elementor-element-4492e33 animated-slow elementor-invisible elementor-widget elementor-widget-heading\" data-id=\"4492e33\" data-element_type=\"widget\" data-settings=\"{&quot;_animation&quot;:&quot;slideInUp&quot;}\" data-widget_type=\"heading.default\">\n\t\t\t\t<div class=\"elementor-widget-container\">\n\t\t\t\t\t<h2 class=\"elementor-heading-title elementor-size-default\">r\u00f3wnania zespolone<\/h2>\t\t\t\t<\/div>\n\t\t\t\t<\/div>\n\t\t\t\t<\/div>\n\t\t<div class=\"elementor-element elementor-element-66ae666 e-flex e-con-boxed e-con e-parent\" data-id=\"66ae666\" data-element_type=\"container\" data-settings=\"{&quot;background_background&quot;:&quot;classic&quot;}\">\n\t\t\t\t\t<div class=\"e-con-inner\">\n\t\t<div class=\"elementor-element elementor-element-4c4c587 e-con-full e-flex e-con e-child\" data-id=\"4c4c587\" data-element_type=\"container\" data-settings=\"{&quot;background_background&quot;:&quot;classic&quot;}\">\n\t\t\t\t<div class=\"elementor-element elementor-element-446596d elementor-widget__width-initial elementor-widget elementor-widget-toggle\" data-id=\"446596d\" data-element_type=\"widget\" data-widget_type=\"toggle.default\">\n\t\t\t\t<div class=\"elementor-widget-container\">\n\t\t\t\t\t<div class=\"pmpro\"><div class=\"pmpro_card pmpro_content_message\"><div class=\"pmpro_card_content\">nie czekaj d\u0142u\u017cej, wykup pakiet i sprawd\u017a rozwi\u0105zania.<br \/><a href=\"https:\/\/bezwarunku.pl\/index.php\/wykup-dostep\/\">Przed\u0142u\u017c pakiet!<\/a><\/div><div class=\"pmpro_card_actions pmpro_font-medium\">Already a member? <a href=\"https:\/\/bezwarunku.pl\/index.php\/membership-login\/?redirect_to=https%3A%2F%2Fbezwarunku.pl%2Findex.php%2Frownania-zespolone%2F\">Log in here<\/a><\/div><\/div><\/div>\t\t\t\t<\/div>\n\t\t\t\t<\/div>\n\t\t\t\t<div class=\"elementor-element elementor-element-882cf70 elementor-widget elementor-widget-heading\" data-id=\"882cf70\" data-element_type=\"widget\" data-widget_type=\"heading.default\">\n\t\t\t\t<div class=\"elementor-widget-container\">\n\t\t\t\t\t<h3 class=\"elementor-heading-title elementor-size-default\">1.Rozwi\u0105\u017c r\u00f3wnanie: $$2\\overline z-3z=5zi-10i$$<\/h3>\t\t\t\t<\/div>\n\t\t\t\t<\/div>\n\t\t\t\t<\/div>\n\t\t<div class=\"elementor-element elementor-element-2304efd e-con-full e-flex e-con e-child\" data-id=\"2304efd\" data-element_type=\"container\" data-settings=\"{&quot;background_background&quot;:&quot;classic&quot;}\">\n\t\t\t\t<div class=\"elementor-element elementor-element-6fdc158 elementor-widget__width-initial elementor-widget elementor-widget-toggle\" data-id=\"6fdc158\" data-element_type=\"widget\" data-widget_type=\"toggle.default\">\n\t\t\t\t<div class=\"elementor-widget-container\">\n\t\t\t\t\t<div class=\"pmpro\"><div class=\"pmpro_card pmpro_content_message\"><div class=\"pmpro_card_content\">nie czekaj d\u0142u\u017cej, wykup pakiet i sprawd\u017a rozwi\u0105zania.<br \/><a href=\"https:\/\/bezwarunku.pl\/index.php\/wykup-dostep\/\">Przed\u0142u\u017c pakiet!<\/a><\/div><div class=\"pmpro_card_actions pmpro_font-medium\">Already a member? <a href=\"https:\/\/bezwarunku.pl\/index.php\/membership-login\/?redirect_to=https%3A%2F%2Fbezwarunku.pl%2Findex.php%2Frownania-zespolone%2F\">Log in here<\/a><\/div><\/div><\/div>\t\t\t\t<\/div>\n\t\t\t\t<\/div>\n\t\t\t\t<div class=\"elementor-element elementor-element-7e39a66 elementor-widget elementor-widget-heading\" data-id=\"7e39a66\" data-element_type=\"widget\" data-widget_type=\"heading.default\">\n\t\t\t\t<div class=\"elementor-widget-container\">\n\t\t\t\t\t<h3 class=\"elementor-heading-title elementor-size-default\">2. Rozwi\u0105\u017c r\u00f3wnanie: $$3\\overline z+2z=4zi-6i$$<\/h3>\t\t\t\t<\/div>\n\t\t\t\t<\/div>\n\t\t\t\t<\/div>\n\t\t<div class=\"elementor-element elementor-element-9f6bed1 e-con-full e-flex e-con e-child\" data-id=\"9f6bed1\" data-element_type=\"container\" data-settings=\"{&quot;background_background&quot;:&quot;classic&quot;}\">\n\t\t\t\t<div class=\"elementor-element elementor-element-2402978 elementor-widget__width-initial elementor-widget elementor-widget-toggle\" data-id=\"2402978\" data-element_type=\"widget\" data-widget_type=\"toggle.default\">\n\t\t\t\t<div class=\"elementor-widget-container\">\n\t\t\t\t\t<div class=\"pmpro\"><div class=\"pmpro_card pmpro_content_message\"><div class=\"pmpro_card_content\">nie czekaj d\u0142u\u017cej, wykup pakiet i sprawd\u017a rozwi\u0105zania.<br \/><a href=\"https:\/\/bezwarunku.pl\/index.php\/wykup-dostep\/\">Przed\u0142u\u017c pakiet!<\/a><\/div><div class=\"pmpro_card_actions pmpro_font-medium\">Already a member? <a href=\"https:\/\/bezwarunku.pl\/index.php\/membership-login\/?redirect_to=https%3A%2F%2Fbezwarunku.pl%2Findex.php%2Frownania-zespolone%2F\">Log in here<\/a><\/div><\/div><\/div>\t\t\t\t<\/div>\n\t\t\t\t<\/div>\n\t\t\t\t<div class=\"elementor-element elementor-element-2362453 elementor-widget elementor-widget-heading\" data-id=\"2362453\" data-element_type=\"widget\" data-widget_type=\"heading.default\">\n\t\t\t\t<div class=\"elementor-widget-container\">\n\t\t\t\t\t<h3 class=\"elementor-heading-title elementor-size-default\">3. Rozwi\u0105\u017c r\u00f3wnanie: $$z\\cdot\\overline z-34=z-\\overline z-10i$$<\/h3>\t\t\t\t<\/div>\n\t\t\t\t<\/div>\n\t\t\t\t<\/div>\n\t\t<div class=\"elementor-element elementor-element-a6d3d74 e-con-full e-flex e-con e-child\" data-id=\"a6d3d74\" data-element_type=\"container\" data-settings=\"{&quot;background_background&quot;:&quot;classic&quot;}\">\n\t\t\t\t<div class=\"elementor-element elementor-element-d8b2eeb elementor-widget__width-initial elementor-widget elementor-widget-toggle\" data-id=\"d8b2eeb\" data-element_type=\"widget\" data-widget_type=\"toggle.default\">\n\t\t\t\t<div class=\"elementor-widget-container\">\n\t\t\t\t\t<div class=\"pmpro\"><div class=\"pmpro_card pmpro_content_message\"><div class=\"pmpro_card_content\">nie czekaj d\u0142u\u017cej, wykup pakiet i sprawd\u017a rozwi\u0105zania.<br \/><a href=\"https:\/\/bezwarunku.pl\/index.php\/wykup-dostep\/\">Przed\u0142u\u017c pakiet!<\/a><\/div><div class=\"pmpro_card_actions pmpro_font-medium\">Already a member? <a href=\"https:\/\/bezwarunku.pl\/index.php\/membership-login\/?redirect_to=https%3A%2F%2Fbezwarunku.pl%2Findex.php%2Frownania-zespolone%2F\">Log in here<\/a><\/div><\/div><\/div>\t\t\t\t<\/div>\n\t\t\t\t<\/div>\n\t\t\t\t<div class=\"elementor-element elementor-element-2f75dca elementor-widget elementor-widget-heading\" data-id=\"2f75dca\" data-element_type=\"widget\" data-widget_type=\"heading.default\">\n\t\t\t\t<div class=\"elementor-widget-container\">\n\t\t\t\t\t<h3 class=\"elementor-heading-title elementor-size-default\">4. Rozwi\u0105\u017c r\u00f3wnanie: $$z^2+4z+6\\frac14=0$$<\/h3>\t\t\t\t<\/div>\n\t\t\t\t<\/div>\n\t\t\t\t<\/div>\n\t\t<div class=\"elementor-element elementor-element-fde02a1 e-con-full e-flex e-con e-child\" data-id=\"fde02a1\" data-element_type=\"container\" data-settings=\"{&quot;background_background&quot;:&quot;classic&quot;}\">\n\t\t\t\t<div class=\"elementor-element elementor-element-34d553c elementor-widget__width-initial elementor-widget elementor-widget-toggle\" data-id=\"34d553c\" data-element_type=\"widget\" data-widget_type=\"toggle.default\">\n\t\t\t\t<div class=\"elementor-widget-container\">\n\t\t\t\t\t<div class=\"pmpro\"><div class=\"pmpro_card pmpro_content_message\"><div class=\"pmpro_card_content\">nie czekaj d\u0142u\u017cej, wykup pakiet i sprawd\u017a rozwi\u0105zania.<br \/><a href=\"https:\/\/bezwarunku.pl\/index.php\/wykup-dostep\/\">Przed\u0142u\u017c pakiet!<\/a><\/div><div class=\"pmpro_card_actions pmpro_font-medium\">Already a member? <a href=\"https:\/\/bezwarunku.pl\/index.php\/membership-login\/?redirect_to=https%3A%2F%2Fbezwarunku.pl%2Findex.php%2Frownania-zespolone%2F\">Log in here<\/a><\/div><\/div><\/div>\t\t\t\t<\/div>\n\t\t\t\t<\/div>\n\t\t\t\t<div class=\"elementor-element elementor-element-49760b0 elementor-widget elementor-widget-heading\" data-id=\"49760b0\" data-element_type=\"widget\" data-widget_type=\"heading.default\">\n\t\t\t\t<div class=\"elementor-widget-container\">\n\t\t\t\t\t<h3 class=\"elementor-heading-title elementor-size-default\">5. Rozwi\u0105\u017c r\u00f3wnanie: $$-2z^2+8z-10=0$$<\/h3>\t\t\t\t<\/div>\n\t\t\t\t<\/div>\n\t\t\t\t<\/div>\n\t\t<div class=\"elementor-element elementor-element-17287ed e-con-full e-flex e-con e-child\" data-id=\"17287ed\" data-element_type=\"container\" data-settings=\"{&quot;background_background&quot;:&quot;classic&quot;}\">\n\t\t\t\t<div class=\"elementor-element elementor-element-68dde46 elementor-widget__width-initial elementor-widget elementor-widget-toggle\" data-id=\"68dde46\" data-element_type=\"widget\" data-widget_type=\"toggle.default\">\n\t\t\t\t<div class=\"elementor-widget-container\">\n\t\t\t\t\t<div class=\"pmpro\"><div class=\"pmpro_card pmpro_content_message\"><div class=\"pmpro_card_content\">nie czekaj d\u0142u\u017cej, wykup pakiet i sprawd\u017a rozwi\u0105zania.<br \/><a href=\"https:\/\/bezwarunku.pl\/index.php\/wykup-dostep\/\">Przed\u0142u\u017c pakiet!<\/a><\/div><div class=\"pmpro_card_actions pmpro_font-medium\">Already a member? <a href=\"https:\/\/bezwarunku.pl\/index.php\/membership-login\/?redirect_to=https%3A%2F%2Fbezwarunku.pl%2Findex.php%2Frownania-zespolone%2F\">Log in here<\/a><\/div><\/div><\/div>\t\t\t\t<\/div>\n\t\t\t\t<\/div>\n\t\t\t\t<div class=\"elementor-element elementor-element-af8b29a elementor-widget elementor-widget-heading\" data-id=\"af8b29a\" data-element_type=\"widget\" data-widget_type=\"heading.default\">\n\t\t\t\t<div class=\"elementor-widget-container\">\n\t\t\t\t\t<h3 class=\"elementor-heading-title elementor-size-default\">6. Rozwi\u0105\u017c r\u00f3wnanie: $$z^2+\\left(1-2i\\right)z+1+5i=0$$<\/h3>\t\t\t\t<\/div>\n\t\t\t\t<\/div>\n\t\t\t\t<\/div>\n\t\t<div class=\"elementor-element elementor-element-e7336a4 e-con-full e-flex e-con e-child\" data-id=\"e7336a4\" data-element_type=\"container\" data-settings=\"{&quot;background_background&quot;:&quot;classic&quot;}\">\n\t\t\t\t<div class=\"elementor-element elementor-element-eda7e34 elementor-widget__width-initial elementor-widget elementor-widget-toggle\" data-id=\"eda7e34\" data-element_type=\"widget\" data-widget_type=\"toggle.default\">\n\t\t\t\t<div class=\"elementor-widget-container\">\n\t\t\t\t\t<div class=\"pmpro\"><div class=\"pmpro_card pmpro_content_message\"><div class=\"pmpro_card_content\">nie czekaj d\u0142u\u017cej, wykup pakiet i sprawd\u017a rozwi\u0105zania.<br \/><a href=\"https:\/\/bezwarunku.pl\/index.php\/wykup-dostep\/\">Przed\u0142u\u017c pakiet!<\/a><\/div><div class=\"pmpro_card_actions pmpro_font-medium\">Already a member? <a href=\"https:\/\/bezwarunku.pl\/index.php\/membership-login\/?redirect_to=https%3A%2F%2Fbezwarunku.pl%2Findex.php%2Frownania-zespolone%2F\">Log in here<\/a><\/div><\/div><\/div>\t\t\t\t<\/div>\n\t\t\t\t<\/div>\n\t\t\t\t<div class=\"elementor-element elementor-element-198b2e2 elementor-widget elementor-widget-heading\" data-id=\"198b2e2\" data-element_type=\"widget\" data-widget_type=\"heading.default\">\n\t\t\t\t<div class=\"elementor-widget-container\">\n\t\t\t\t\t<h3 class=\"elementor-heading-title elementor-size-default\">7. Rozwi\u0105\u017c r\u00f3wnanie: $$z^2+\\left(-1+i\\right)z+2+i=0$$<\/h3>\t\t\t\t<\/div>\n\t\t\t\t<\/div>\n\t\t\t\t<\/div>\n\t\t<div class=\"elementor-element elementor-element-667dab2 e-con-full e-flex e-con e-child\" data-id=\"667dab2\" data-element_type=\"container\" data-settings=\"{&quot;background_background&quot;:&quot;classic&quot;}\">\n\t\t\t\t<div class=\"elementor-element elementor-element-b4c0499 elementor-widget__width-initial elementor-widget elementor-widget-toggle\" data-id=\"b4c0499\" data-element_type=\"widget\" data-widget_type=\"toggle.default\">\n\t\t\t\t<div class=\"elementor-widget-container\">\n\t\t\t\t\t<div class=\"pmpro\"><div class=\"pmpro_card pmpro_content_message\"><div class=\"pmpro_card_content\">nie czekaj d\u0142u\u017cej, wykup pakiet i sprawd\u017a rozwi\u0105zania.<br \/><a href=\"https:\/\/bezwarunku.pl\/index.php\/wykup-dostep\/\">Przed\u0142u\u017c pakiet!<\/a><\/div><div class=\"pmpro_card_actions pmpro_font-medium\">Already a member? <a href=\"https:\/\/bezwarunku.pl\/index.php\/membership-login\/?redirect_to=https%3A%2F%2Fbezwarunku.pl%2Findex.php%2Frownania-zespolone%2F\">Log in here<\/a><\/div><\/div><\/div>\t\t\t\t<\/div>\n\t\t\t\t<\/div>\n\t\t\t\t<div class=\"elementor-element elementor-element-1b571d9 elementor-widget elementor-widget-heading\" data-id=\"1b571d9\" data-element_type=\"widget\" data-widget_type=\"heading.default\">\n\t\t\t\t<div class=\"elementor-widget-container\">\n\t\t\t\t\t<h3 class=\"elementor-heading-title elementor-size-default\">8. Rozwi\u0105\u017c r\u00f3wnanie: $$z^3+4z^2+9z+36=0$$<\/h3>\t\t\t\t<\/div>\n\t\t\t\t<\/div>\n\t\t\t\t<\/div>\n\t\t<div class=\"elementor-element elementor-element-1d2ff76 e-con-full e-flex e-con e-child\" data-id=\"1d2ff76\" data-element_type=\"container\" data-settings=\"{&quot;background_background&quot;:&quot;classic&quot;}\">\n\t\t\t\t<div class=\"elementor-element elementor-element-5a20c6b elementor-widget__width-initial elementor-widget elementor-widget-toggle\" data-id=\"5a20c6b\" data-element_type=\"widget\" data-widget_type=\"toggle.default\">\n\t\t\t\t<div class=\"elementor-widget-container\">\n\t\t\t\t\t<div class=\"pmpro\"><div class=\"pmpro_card pmpro_content_message\"><div class=\"pmpro_card_content\">nie czekaj d\u0142u\u017cej, wykup pakiet i sprawd\u017a rozwi\u0105zania.<br \/><a href=\"https:\/\/bezwarunku.pl\/index.php\/wykup-dostep\/\">Przed\u0142u\u017c pakiet!<\/a><\/div><div class=\"pmpro_card_actions pmpro_font-medium\">Already a member? <a href=\"https:\/\/bezwarunku.pl\/index.php\/membership-login\/?redirect_to=https%3A%2F%2Fbezwarunku.pl%2Findex.php%2Frownania-zespolone%2F\">Log in here<\/a><\/div><\/div><\/div>\t\t\t\t<\/div>\n\t\t\t\t<\/div>\n\t\t\t\t<div class=\"elementor-element elementor-element-7eab027 elementor-widget elementor-widget-heading\" data-id=\"7eab027\" data-element_type=\"widget\" data-widget_type=\"heading.default\">\n\t\t\t\t<div class=\"elementor-widget-container\">\n\t\t\t\t\t<h3 class=\"elementor-heading-title elementor-size-default\">9. Rozwi\u0105\u017c r\u00f3wnanie: $$8z^7-48z^6+144z^5+z^4-6z^3+18z^2=0$$<\/h3>\t\t\t\t<\/div>\n\t\t\t\t<\/div>\n\t\t\t\t<\/div>\n\t\t<div class=\"elementor-element elementor-element-410ef8b e-con-full e-flex e-con e-child\" data-id=\"410ef8b\" data-element_type=\"container\" data-settings=\"{&quot;background_background&quot;:&quot;classic&quot;}\">\n\t\t\t\t<div class=\"elementor-element elementor-element-cca32d0 elementor-widget__width-initial elementor-widget elementor-widget-toggle\" data-id=\"cca32d0\" data-element_type=\"widget\" data-widget_type=\"toggle.default\">\n\t\t\t\t<div class=\"elementor-widget-container\">\n\t\t\t\t\t<div class=\"pmpro\"><div class=\"pmpro_card pmpro_content_message\"><div class=\"pmpro_card_content\">nie czekaj d\u0142u\u017cej, wykup pakiet i sprawd\u017a rozwi\u0105zania.<br \/><a href=\"https:\/\/bezwarunku.pl\/index.php\/wykup-dostep\/\">Przed\u0142u\u017c pakiet!<\/a><\/div><div class=\"pmpro_card_actions pmpro_font-medium\">Already a member? <a href=\"https:\/\/bezwarunku.pl\/index.php\/membership-login\/?redirect_to=https%3A%2F%2Fbezwarunku.pl%2Findex.php%2Frownania-zespolone%2F\">Log in here<\/a><\/div><\/div><\/div>\t\t\t\t<\/div>\n\t\t\t\t<\/div>\n\t\t\t\t<div class=\"elementor-element elementor-element-127e673 elementor-widget elementor-widget-heading\" data-id=\"127e673\" data-element_type=\"widget\" data-widget_type=\"heading.default\">\n\t\t\t\t<div class=\"elementor-widget-container\">\n\t\t\t\t\t<h3 class=\"elementor-heading-title elementor-size-default\">10. Rozwi\u0105\u017c r\u00f3wnanie: $$\\overline{\\mathrm z}=\\left(\\overline{\\mathrm z}\\right)^7$$<\/h3>\t\t\t\t<\/div>\n\t\t\t\t<\/div>\n\t\t\t\t<\/div>\n\t\t\t\t\t<\/div>\n\t\t\t\t<\/div>\n\t\t\t\t<\/div>\n\t\t","protected":false},"excerpt":{"rendered":"<p>zarejestruj si\u0119 LICZBY ZESPOLONE r\u00f3wnania zespolone Nie b\u0105d\u017a dziad, wykup pakiet.Przed\u0142\u00f3\u017c pakiet! 1.Rozwi\u0105\u017c r\u00f3wnanie: $$2overline z-3z=5zi-10i$$ Nie b\u0105d\u017a dziad, wykup pakiet.Przed\u0142\u00f3\u017c pakiet! 2. Rozwi\u0105\u017c r\u00f3wnanie: $$3overline z+2z=4zi-6i$$ Nie b\u0105d\u017a dziad, wykup pakiet.Przed\u0142\u00f3\u017c pakiet! 3. Rozwi\u0105\u017c r\u00f3wnanie: $$zcdotoverline z-34=z-overline z-10i$$ Nie b\u0105d\u017a dziad, wykup pakiet.Przed\u0142\u00f3\u017c pakiet! 4. Rozwi\u0105\u017c r\u00f3wnanie: $$z^2+4z+6frac14=0$$ Nie b\u0105d\u017a dziad, wykup pakiet.Przed\u0142\u00f3\u017c pakiet! [&hellip;]<\/p>\n","protected":false},"author":1,"featured_media":0,"parent":0,"menu_order":0,"comment_status":"closed","ping_status":"closed","template":"templates\/landing.php","meta":{"pmpro_default_level":"","_monsterinsights_skip_tracking":false,"_monsterinsights_sitenote_active":false,"_monsterinsights_sitenote_note":"","_monsterinsights_sitenote_category":0,"_uf_show_specific_survey":0,"_uf_disable_surveys":false,"footnotes":""},"class_list":["post-3474","page","type-page","status-publish","hentry","pmpro-has-access","entry","owp-thumbs-layout-horizontal","owp-btn-normal","owp-tabs-layout-horizontal","has-no-thumbnails","has-product-nav"],"aioseo_notices":[],"_links":{"self":[{"href":"https:\/\/bezwarunku.pl\/index.php\/wp-json\/wp\/v2\/pages\/3474","targetHints":{"allow":["GET"]}}],"collection":[{"href":"https:\/\/bezwarunku.pl\/index.php\/wp-json\/wp\/v2\/pages"}],"about":[{"href":"https:\/\/bezwarunku.pl\/index.php\/wp-json\/wp\/v2\/types\/page"}],"author":[{"embeddable":true,"href":"https:\/\/bezwarunku.pl\/index.php\/wp-json\/wp\/v2\/users\/1"}],"replies":[{"embeddable":true,"href":"https:\/\/bezwarunku.pl\/index.php\/wp-json\/wp\/v2\/comments?post=3474"}],"version-history":[{"count":58,"href":"https:\/\/bezwarunku.pl\/index.php\/wp-json\/wp\/v2\/pages\/3474\/revisions"}],"predecessor-version":[{"id":4582,"href":"https:\/\/bezwarunku.pl\/index.php\/wp-json\/wp\/v2\/pages\/3474\/revisions\/4582"}],"wp:attachment":[{"href":"https:\/\/bezwarunku.pl\/index.php\/wp-json\/wp\/v2\/media?parent=3474"}],"curies":[{"name":"wp","href":"https:\/\/api.w.org\/{rel}","templated":true}]}}