{"id":3843,"date":"2024-03-12T22:36:42","date_gmt":"2024-03-12T22:36:42","guid":{"rendered":"https:\/\/bezwarunku.pl\/?page_id=3843"},"modified":"2024-05-15T11:18:18","modified_gmt":"2024-05-15T10:18:18","slug":"rzad-macierzy","status":"publish","type":"page","link":"https:\/\/bezwarunku.pl\/index.php\/rzad-macierzy\/","title":{"rendered":"Rz\u0105d macierzy"},"content":{"rendered":"\t\t<div data-elementor-type=\"wp-page\" data-elementor-id=\"3843\" class=\"elementor elementor-3843\" data-elementor-post-type=\"page\">\n\t\t\t\t<header class=\"elementor-element elementor-element-1c8f5e1 e-con-full e-flex e-con e-parent\" data-id=\"1c8f5e1\" data-element_type=\"container\" data-settings=\"{&quot;background_background&quot;:&quot;classic&quot;}\">\n\t\t<div class=\"elementor-element elementor-element-b40457a e-con-full e-flex e-con e-child\" data-id=\"b40457a\" data-element_type=\"container\">\n\t\t\t\t<div class=\"elementor-element elementor-element-e1b7d69 elementor-widget elementor-widget-image\" data-id=\"e1b7d69\" data-element_type=\"widget\" data-widget_type=\"image.default\">\n\t\t\t\t<div class=\"elementor-widget-container\">\n\t\t\t\t\t\t\t\t\t\t\t\t\t\t\t\t<a href=\"https:\/\/bezwarunku.pl\">\n\t\t\t\t\t\t\t<img fetchpriority=\"high\" decoding=\"async\" width=\"1170\" height=\"1170\" src=\"https:\/\/bezwarunku.pl\/wp-content\/uploads\/2023\/10\/BEZWARUNKU-1.jpg\" class=\"attachment-full size-full wp-image-39\" alt=\"\" srcset=\"https:\/\/bezwarunku.pl\/wp-content\/uploads\/2023\/10\/BEZWARUNKU-1.jpg 1170w, https:\/\/bezwarunku.pl\/wp-content\/uploads\/2023\/10\/BEZWARUNKU-1-300x300.jpg 300w, https:\/\/bezwarunku.pl\/wp-content\/uploads\/2023\/10\/BEZWARUNKU-1-1024x1024.jpg 1024w, https:\/\/bezwarunku.pl\/wp-content\/uploads\/2023\/10\/BEZWARUNKU-1-150x150.jpg 150w, https:\/\/bezwarunku.pl\/wp-content\/uploads\/2023\/10\/BEZWARUNKU-1-768x768.jpg 768w, https:\/\/bezwarunku.pl\/wp-content\/uploads\/2023\/10\/BEZWARUNKU-1-600x600.jpg 600w, https:\/\/bezwarunku.pl\/wp-content\/uploads\/2023\/10\/BEZWARUNKU-1-100x100.jpg 100w\" sizes=\"(max-width: 1170px) 100vw, 1170px\" \/>\t\t\t\t\t\t\t\t<\/a>\n\t\t\t\t\t\t\t\t\t\t\t\t\t\t\t<\/div>\n\t\t\t\t<\/div>\n\t\t\t\t<\/div>\n\t\t<div class=\"elementor-element elementor-element-a70db9e e-con-full e-flex e-con e-child\" data-id=\"a70db9e\" data-element_type=\"container\">\n\t\t\t\t<div class=\"elementor-element elementor-element-1bd0a2b elementor-nav-menu--stretch elementor-widget__width-auto elementor-nav-menu__text-align-center elementor-nav-menu--dropdown-tablet elementor-nav-menu--toggle elementor-nav-menu--burger elementor-widget elementor-widget-nav-menu\" data-id=\"1bd0a2b\" data-element_type=\"widget\" data-settings=\"{&quot;full_width&quot;:&quot;stretch&quot;,&quot;layout&quot;:&quot;horizontal&quot;,&quot;submenu_icon&quot;:{&quot;value&quot;:&quot;&lt;svg class=\\&quot;e-font-icon-svg e-fas-caret-down\\&quot; viewBox=\\&quot;0 0 320 512\\&quot; xmlns=\\&quot;http:\\\/\\\/www.w3.org\\\/2000\\\/svg\\&quot;&gt;&lt;path d=\\&quot;M31.3 192h257.3c17.8 0 26.7 21.5 14.1 34.1L174.1 354.8c-7.8 7.8-20.5 7.8-28.3 0L17.2 226.1C4.6 213.5 13.5 192 31.3 192z\\&quot;&gt;&lt;\\\/path&gt;&lt;\\\/svg&gt;&quot;,&quot;library&quot;:&quot;fa-solid&quot;},&quot;toggle&quot;:&quot;burger&quot;}\" data-widget_type=\"nav-menu.default\">\n\t\t\t\t<div class=\"elementor-widget-container\">\n\t\t\t\t\t\t\t\t<nav aria-label=\"Menu\" class=\"elementor-nav-menu--main elementor-nav-menu__container elementor-nav-menu--layout-horizontal e--pointer-background e--animation-sweep-right\">\n\t\t\t\t<ul id=\"menu-1-1bd0a2b\" class=\"elementor-nav-menu\"><li class=\"menu-item menu-item-type-post_type menu-item-object-page menu-item-home menu-item-142\"><a href=\"https:\/\/bezwarunku.pl\/\" class=\"elementor-item\">G\u0141\u00d3WNA<\/a><\/li>\n<li class=\"menu-item menu-item-type-custom menu-item-object-custom menu-item-177\"><a href=\"https:\/\/bezwarunku.pl\/index.php\/wykup-dostep\/\" class=\"elementor-item\">CENNIK<\/a><\/li>\n<li class=\"menu-item menu-item-type-post_type menu-item-object-page menu-item-4681\"><a href=\"https:\/\/bezwarunku.pl\/index.php\/regulamin\/\" class=\"elementor-item\">regulamin<\/a><\/li>\n<\/ul>\t\t\t<\/nav>\n\t\t\t\t\t<div class=\"elementor-menu-toggle\" role=\"button\" tabindex=\"0\" aria-label=\"Menu Toggle\" aria-expanded=\"false\">\n\t\t\t<svg aria-hidden=\"true\" role=\"presentation\" class=\"elementor-menu-toggle__icon--open e-font-icon-svg e-eicon-menu-bar\" viewBox=\"0 0 1000 1000\" xmlns=\"http:\/\/www.w3.org\/2000\/svg\"><path d=\"M104 333H896C929 333 958 304 958 271S929 208 896 208H104C71 208 42 237 42 271S71 333 104 333ZM104 583H896C929 583 958 554 958 521S929 458 896 458H104C71 458 42 487 42 521S71 583 104 583ZM104 833H896C929 833 958 804 958 771S929 708 896 708H104C71 708 42 737 42 771S71 833 104 833Z\"><\/path><\/svg><svg aria-hidden=\"true\" role=\"presentation\" class=\"elementor-menu-toggle__icon--close e-font-icon-svg e-eicon-close\" viewBox=\"0 0 1000 1000\" xmlns=\"http:\/\/www.w3.org\/2000\/svg\"><path d=\"M742 167L500 408 258 167C246 154 233 150 217 150 196 150 179 158 167 167 154 179 150 196 150 212 150 229 154 242 171 254L408 500 167 742C138 771 138 800 167 829 196 858 225 858 254 829L496 587 738 829C750 842 767 846 783 846 800 846 817 842 829 829 842 817 846 804 846 783 846 767 842 750 829 737L588 500 833 258C863 229 863 200 833 171 804 137 775 137 742 167Z\"><\/path><\/svg>\t\t\t<span class=\"elementor-screen-only\">Menu<\/span>\n\t\t<\/div>\n\t\t\t\t\t<nav class=\"elementor-nav-menu--dropdown elementor-nav-menu__container\" aria-hidden=\"true\">\n\t\t\t\t<ul id=\"menu-2-1bd0a2b\" class=\"elementor-nav-menu\"><li class=\"menu-item menu-item-type-post_type menu-item-object-page menu-item-home menu-item-142\"><a href=\"https:\/\/bezwarunku.pl\/\" class=\"elementor-item\" tabindex=\"-1\">G\u0141\u00d3WNA<\/a><\/li>\n<li class=\"menu-item menu-item-type-custom menu-item-object-custom menu-item-177\"><a href=\"https:\/\/bezwarunku.pl\/index.php\/wykup-dostep\/\" class=\"elementor-item\" tabindex=\"-1\">CENNIK<\/a><\/li>\n<li class=\"menu-item menu-item-type-post_type menu-item-object-page menu-item-4681\"><a href=\"https:\/\/bezwarunku.pl\/index.php\/regulamin\/\" class=\"elementor-item\" tabindex=\"-1\">regulamin<\/a><\/li>\n<\/ul>\t\t\t<\/nav>\n\t\t\t\t\t\t<\/div>\n\t\t\t\t<\/div>\n\t\t\t\t<div class=\"elementor-element elementor-element-b06de01 elementor-widget__width-auto elementor-widget elementor-widget-button\" data-id=\"b06de01\" data-element_type=\"widget\" data-widget_type=\"button.default\">\n\t\t\t\t<div class=\"elementor-widget-container\">\n\t\t\t\t\t\t\t\t\t<div class=\"elementor-button-wrapper\">\n\t\t\t\t\t<a class=\"elementor-button elementor-button-link elementor-size-sm\" href=\"#\">\n\t\t\t\t\t\t<span class=\"elementor-button-content-wrapper\">\n\t\t\t\t\t\t\t\t\t<span class=\"elementor-button-text\">zarejestruj si\u0119<\/span>\n\t\t\t\t\t<\/span>\n\t\t\t\t\t<\/a>\n\t\t\t\t<\/div>\n\t\t\t\t\t\t\t\t<\/div>\n\t\t\t\t<\/div>\n\t\t\t\t<\/div>\n\t\t\t\t<\/header>\n\t\t<div class=\"elementor-element elementor-element-130be09 e-con-full e-flex e-con e-parent\" data-id=\"130be09\" data-element_type=\"container\" data-settings=\"{&quot;background_background&quot;:&quot;classic&quot;}\">\n\t\t\t\t<div class=\"elementor-element elementor-element-872ab6f elementor-widget elementor-widget-heading\" data-id=\"872ab6f\" data-element_type=\"widget\" data-widget_type=\"heading.default\">\n\t\t\t\t<div class=\"elementor-widget-container\">\n\t\t\t\t\t<h2 class=\"elementor-heading-title elementor-size-default\"><a href=\"https:\/\/bezwarunku.pl\/index.php\/analiza-matematyczna\/?preview_id=200&#038;preview_nonce=87c719741f&#038;preview=true\">MACIERZE<\/a><\/h2>\t\t\t\t<\/div>\n\t\t\t\t<\/div>\n\t\t\t\t<div class=\"elementor-element elementor-element-9e915a1 animated-slow elementor-invisible elementor-widget elementor-widget-heading\" data-id=\"9e915a1\" data-element_type=\"widget\" data-settings=\"{&quot;_animation&quot;:&quot;slideInUp&quot;}\" data-widget_type=\"heading.default\">\n\t\t\t\t<div class=\"elementor-widget-container\">\n\t\t\t\t\t<h2 class=\"elementor-heading-title elementor-size-default\">RZ\u0104D MACIERZY<\/h2>\t\t\t\t<\/div>\n\t\t\t\t<\/div>\n\t\t\t\t<\/div>\n\t\t<div class=\"elementor-element elementor-element-f9310b5 e-flex e-con-boxed e-con e-parent\" data-id=\"f9310b5\" data-element_type=\"container\">\n\t\t\t\t\t<div class=\"e-con-inner\">\n\t\t\t\t<div class=\"elementor-element elementor-element-1ca1fc5 elementor-widget elementor-widget-heading\" data-id=\"1ca1fc5\" data-element_type=\"widget\" data-widget_type=\"heading.default\">\n\t\t\t\t<div class=\"elementor-widget-container\">\n\t\t\t\t\t<h1 class=\"elementor-heading-title elementor-size-default\">Rz\u0105d macierzy nie mo\u017ce przekroczy\u0107 \u017cadnego z wymiar\u00f3w macierzy.<br>\nRz\u0105d ka\u017cdej macierzy niezerowej mo\u017cemy policzy\u0107 poprzez wykorzystanie operacji elementarnych na macierzach (metod\u0105 Gaussa-Jordana).<br>\nWykorzystuj\u0105c operacje elementarne sprowadzamy nasz\u0105 wyj\u015bciow\u0105 macierz do takiej postaci, aby pod jej g\u0142\u00f3wn\u0105 przek\u0105tn\u0105 by\u0142y same zera.<br>\nW przeciwie\u0144stwie do warto\u015bci wyznacznika macierzy, operacje elementarne nie wp\u0142ywaj\u0105 na warto\u015b\u0107 rz\u0119du macierzy.<br>\nIstniej\u0105 szczeg\u00f3lne przypadki macierzy (przyk\u0142ady a, b, c) w kt\u00f3rych od razu jeste\u015bmy w stanie poda\u0107 ich rz\u0105d.<br>\n<\/h1>\t\t\t\t<\/div>\n\t\t\t\t<\/div>\n\t\t\t\t\t<\/div>\n\t\t\t\t<\/div>\n\t\t<div class=\"elementor-element elementor-element-175b06c e-flex e-con-boxed e-con e-parent\" data-id=\"175b06c\" data-element_type=\"container\" data-settings=\"{&quot;background_background&quot;:&quot;classic&quot;}\">\n\t\t\t\t\t<div class=\"e-con-inner\">\n\t\t<div class=\"elementor-element elementor-element-395fb08 e-con-full e-flex e-con e-child\" data-id=\"395fb08\" data-element_type=\"container\" data-settings=\"{&quot;background_background&quot;:&quot;classic&quot;}\">\n\t\t\t\t<div class=\"elementor-element elementor-element-e54dcf9 elementor-widget__width-initial elementor-widget elementor-widget-toggle\" data-id=\"e54dcf9\" data-element_type=\"widget\" data-widget_type=\"toggle.default\">\n\t\t\t\t<div class=\"elementor-widget-container\">\n\t\t\t\t\t<div class=\"pmpro\"><div class=\"pmpro_card pmpro_content_message\"><div class=\"pmpro_card_content\">nie czekaj d\u0142u\u017cej, wykup pakiet i sprawd\u017a rozwi\u0105zania.<br \/><a href=\"https:\/\/bezwarunku.pl\/index.php\/wykup-dostep\/\">Przed\u0142u\u017c pakiet!<\/a><\/div><div class=\"pmpro_card_actions pmpro_font-medium\">Already a member? <a href=\"https:\/\/bezwarunku.pl\/index.php\/membership-login\/?redirect_to=https%3A%2F%2Fbezwarunku.pl%2Findex.php%2Frzad-macierzy%2F\">Log in here<\/a><\/div><\/div><\/div>\t\t\t\t<\/div>\n\t\t\t\t<\/div>\n\t\t\t\t<div class=\"elementor-element elementor-element-fce1584 elementor-widget elementor-widget-heading\" data-id=\"fce1584\" data-element_type=\"widget\" data-widget_type=\"heading.default\">\n\t\t\t\t<div class=\"elementor-widget-container\">\n\t\t\t\t\t<h3 class=\"elementor-heading-title elementor-size-default\">1. Oblicz rz\u0105d macierzy:  $$A=\\begin{bmatrix}2&amp;1&amp;3&amp;7\\end{bmatrix}$$<\/h3>\t\t\t\t<\/div>\n\t\t\t\t<\/div>\n\t\t\t\t<\/div>\n\t\t<div class=\"elementor-element elementor-element-1ec5980 e-con-full e-flex e-con e-child\" data-id=\"1ec5980\" data-element_type=\"container\" data-settings=\"{&quot;background_background&quot;:&quot;classic&quot;}\">\n\t\t\t\t<div class=\"elementor-element elementor-element-b896deb elementor-widget__width-initial elementor-widget elementor-widget-toggle\" data-id=\"b896deb\" data-element_type=\"widget\" data-widget_type=\"toggle.default\">\n\t\t\t\t<div class=\"elementor-widget-container\">\n\t\t\t\t\t<div class=\"pmpro\"><div class=\"pmpro_card pmpro_content_message\"><div class=\"pmpro_card_content\">nie czekaj d\u0142u\u017cej, wykup pakiet i sprawd\u017a rozwi\u0105zania.<br \/><a href=\"https:\/\/bezwarunku.pl\/index.php\/wykup-dostep\/\">Przed\u0142u\u017c pakiet!<\/a><\/div><div class=\"pmpro_card_actions pmpro_font-medium\">Already a member? <a href=\"https:\/\/bezwarunku.pl\/index.php\/membership-login\/?redirect_to=https%3A%2F%2Fbezwarunku.pl%2Findex.php%2Frzad-macierzy%2F\">Log in here<\/a><\/div><\/div><\/div>\t\t\t\t<\/div>\n\t\t\t\t<\/div>\n\t\t\t\t<div class=\"elementor-element elementor-element-7f8a8db elementor-widget elementor-widget-heading\" data-id=\"7f8a8db\" data-element_type=\"widget\" data-widget_type=\"heading.default\">\n\t\t\t\t<div class=\"elementor-widget-container\">\n\t\t\t\t\t<h3 class=\"elementor-heading-title elementor-size-default\">2. Oblicz rz\u0105d macierzy:  $$A=\\begin{bmatrix}1&amp;2&amp;0&amp;0&amp;3&amp;9\\end{bmatrix}$$<\/h3>\t\t\t\t<\/div>\n\t\t\t\t<\/div>\n\t\t\t\t<\/div>\n\t\t<div class=\"elementor-element elementor-element-4218f30 e-con-full e-flex e-con e-child\" data-id=\"4218f30\" data-element_type=\"container\" data-settings=\"{&quot;background_background&quot;:&quot;classic&quot;}\">\n\t\t\t\t<div class=\"elementor-element elementor-element-f5e4fd9 elementor-widget__width-initial elementor-widget elementor-widget-toggle\" data-id=\"f5e4fd9\" data-element_type=\"widget\" data-widget_type=\"toggle.default\">\n\t\t\t\t<div class=\"elementor-widget-container\">\n\t\t\t\t\t<div class=\"pmpro\"><div class=\"pmpro_card pmpro_content_message\"><div class=\"pmpro_card_content\">nie czekaj d\u0142u\u017cej, wykup pakiet i sprawd\u017a rozwi\u0105zania.<br \/><a href=\"https:\/\/bezwarunku.pl\/index.php\/wykup-dostep\/\">Przed\u0142u\u017c pakiet!<\/a><\/div><div class=\"pmpro_card_actions pmpro_font-medium\">Already a member? <a href=\"https:\/\/bezwarunku.pl\/index.php\/membership-login\/?redirect_to=https%3A%2F%2Fbezwarunku.pl%2Findex.php%2Frzad-macierzy%2F\">Log in here<\/a><\/div><\/div><\/div>\t\t\t\t<\/div>\n\t\t\t\t<\/div>\n\t\t\t\t<div class=\"elementor-element elementor-element-c22e42e elementor-widget elementor-widget-heading\" data-id=\"c22e42e\" data-element_type=\"widget\" data-widget_type=\"heading.default\">\n\t\t\t\t<div class=\"elementor-widget-container\">\n\t\t\t\t\t<h3 class=\"elementor-heading-title elementor-size-default\">3. Oblicz rz\u0105d macierzy:  $$A=\\begin{bmatrix}7\\\\0\\\\0\\\\-1\\\\0\\\\0\\end{bmatrix}$$<\/h3>\t\t\t\t<\/div>\n\t\t\t\t<\/div>\n\t\t\t\t<\/div>\n\t\t<div class=\"elementor-element elementor-element-bd5b8d1 e-con-full e-flex e-con e-child\" data-id=\"bd5b8d1\" data-element_type=\"container\" data-settings=\"{&quot;background_background&quot;:&quot;classic&quot;}\">\n\t\t\t\t<div class=\"elementor-element elementor-element-fa76250 elementor-widget__width-initial elementor-widget elementor-widget-toggle\" data-id=\"fa76250\" data-element_type=\"widget\" data-widget_type=\"toggle.default\">\n\t\t\t\t<div class=\"elementor-widget-container\">\n\t\t\t\t\t<div class=\"pmpro\"><div class=\"pmpro_card pmpro_content_message\"><div class=\"pmpro_card_content\">nie czekaj d\u0142u\u017cej, wykup pakiet i sprawd\u017a rozwi\u0105zania.<br \/><a href=\"https:\/\/bezwarunku.pl\/index.php\/wykup-dostep\/\">Przed\u0142u\u017c pakiet!<\/a><\/div><div class=\"pmpro_card_actions pmpro_font-medium\">Already a member? <a href=\"https:\/\/bezwarunku.pl\/index.php\/membership-login\/?redirect_to=https%3A%2F%2Fbezwarunku.pl%2Findex.php%2Frzad-macierzy%2F\">Log in here<\/a><\/div><\/div><\/div>\t\t\t\t<\/div>\n\t\t\t\t<\/div>\n\t\t\t\t<div class=\"elementor-element elementor-element-4ec89e1 elementor-widget elementor-widget-heading\" data-id=\"4ec89e1\" data-element_type=\"widget\" data-widget_type=\"heading.default\">\n\t\t\t\t<div class=\"elementor-widget-container\">\n\t\t\t\t\t<h3 class=\"elementor-heading-title elementor-size-default\">4.  Oblicz rz\u0105d macierzy:  $$A=\\begin{bmatrix}1&amp;3&amp;6\\\\2&amp;-1&amp;-2\\end{bmatrix}$$<\/h3>\t\t\t\t<\/div>\n\t\t\t\t<\/div>\n\t\t\t\t<\/div>\n\t\t<div class=\"elementor-element elementor-element-3c28271 e-con-full e-flex e-con e-child\" data-id=\"3c28271\" data-element_type=\"container\" data-settings=\"{&quot;background_background&quot;:&quot;classic&quot;}\">\n\t\t\t\t<div class=\"elementor-element elementor-element-78dc081 elementor-widget__width-initial elementor-widget elementor-widget-toggle\" data-id=\"78dc081\" data-element_type=\"widget\" data-widget_type=\"toggle.default\">\n\t\t\t\t<div class=\"elementor-widget-container\">\n\t\t\t\t\t<div class=\"pmpro\"><div class=\"pmpro_card pmpro_content_message\"><div class=\"pmpro_card_content\">nie czekaj d\u0142u\u017cej, wykup pakiet i sprawd\u017a rozwi\u0105zania.<br \/><a href=\"https:\/\/bezwarunku.pl\/index.php\/wykup-dostep\/\">Przed\u0142u\u017c pakiet!<\/a><\/div><div class=\"pmpro_card_actions pmpro_font-medium\">Already a member? <a href=\"https:\/\/bezwarunku.pl\/index.php\/membership-login\/?redirect_to=https%3A%2F%2Fbezwarunku.pl%2Findex.php%2Frzad-macierzy%2F\">Log in here<\/a><\/div><\/div><\/div>\t\t\t\t<\/div>\n\t\t\t\t<\/div>\n\t\t\t\t<div class=\"elementor-element elementor-element-4f5fda1 elementor-widget elementor-widget-heading\" data-id=\"4f5fda1\" data-element_type=\"widget\" data-widget_type=\"heading.default\">\n\t\t\t\t<div class=\"elementor-widget-container\">\n\t\t\t\t\t<h3 class=\"elementor-heading-title elementor-size-default\">5. Oblicz rz\u0105d macierzy:  $$A=\\begin{bmatrix}1&amp;2&amp;0\\\\-1&amp;0&amp;3\\\\0&amp;-5&amp;7\\end{bmatrix}$$<\/h3>\t\t\t\t<\/div>\n\t\t\t\t<\/div>\n\t\t\t\t<\/div>\n\t\t<div class=\"elementor-element elementor-element-3dd76e8 e-con-full e-flex e-con e-child\" data-id=\"3dd76e8\" data-element_type=\"container\" data-settings=\"{&quot;background_background&quot;:&quot;classic&quot;}\">\n\t\t\t\t<div class=\"elementor-element elementor-element-a74a3c5 elementor-widget__width-initial elementor-widget elementor-widget-toggle\" data-id=\"a74a3c5\" data-element_type=\"widget\" data-widget_type=\"toggle.default\">\n\t\t\t\t<div class=\"elementor-widget-container\">\n\t\t\t\t\t<div class=\"pmpro\"><div class=\"pmpro_card pmpro_content_message\"><div class=\"pmpro_card_content\">nie czekaj d\u0142u\u017cej, wykup pakiet i sprawd\u017a rozwi\u0105zania.<br \/><a href=\"https:\/\/bezwarunku.pl\/index.php\/wykup-dostep\/\">Przed\u0142u\u017c pakiet!<\/a><\/div><div class=\"pmpro_card_actions pmpro_font-medium\">Already a member? <a href=\"https:\/\/bezwarunku.pl\/index.php\/membership-login\/?redirect_to=https%3A%2F%2Fbezwarunku.pl%2Findex.php%2Frzad-macierzy%2F\">Log in here<\/a><\/div><\/div><\/div>\t\t\t\t<\/div>\n\t\t\t\t<\/div>\n\t\t\t\t<div class=\"elementor-element elementor-element-95c96e1 elementor-widget elementor-widget-heading\" data-id=\"95c96e1\" data-element_type=\"widget\" data-widget_type=\"heading.default\">\n\t\t\t\t<div class=\"elementor-widget-container\">\n\t\t\t\t\t<h3 class=\"elementor-heading-title elementor-size-default\">6. Oblicz rz\u0105d macierzy:  $$A=\\begin{bmatrix}-4&amp;-6&amp;1&amp;2\\\\2&amp;3&amp;0&amp;-1\\\\2&amp;3&amp;1&amp;-1\\\\-6&amp;-3&amp;1&amp;3\\end{bmatrix}$$<\/h3>\t\t\t\t<\/div>\n\t\t\t\t<\/div>\n\t\t\t\t<\/div>\n\t\t<div class=\"elementor-element elementor-element-b7f669b e-con-full e-flex e-con e-child\" data-id=\"b7f669b\" data-element_type=\"container\" data-settings=\"{&quot;background_background&quot;:&quot;classic&quot;}\">\n\t\t\t\t<div class=\"elementor-element elementor-element-fa6081b elementor-widget__width-initial elementor-widget elementor-widget-toggle\" data-id=\"fa6081b\" data-element_type=\"widget\" data-widget_type=\"toggle.default\">\n\t\t\t\t<div class=\"elementor-widget-container\">\n\t\t\t\t\t<div class=\"pmpro\"><div class=\"pmpro_card pmpro_content_message\"><div class=\"pmpro_card_content\">nie czekaj d\u0142u\u017cej, wykup pakiet i sprawd\u017a rozwi\u0105zania.<br \/><a href=\"https:\/\/bezwarunku.pl\/index.php\/wykup-dostep\/\">Przed\u0142u\u017c pakiet!<\/a><\/div><div class=\"pmpro_card_actions pmpro_font-medium\">Already a member? <a href=\"https:\/\/bezwarunku.pl\/index.php\/membership-login\/?redirect_to=https%3A%2F%2Fbezwarunku.pl%2Findex.php%2Frzad-macierzy%2F\">Log in here<\/a><\/div><\/div><\/div>\t\t\t\t<\/div>\n\t\t\t\t<\/div>\n\t\t\t\t<div class=\"elementor-element elementor-element-df8d3f2 elementor-widget elementor-widget-heading\" data-id=\"df8d3f2\" data-element_type=\"widget\" data-widget_type=\"heading.default\">\n\t\t\t\t<div class=\"elementor-widget-container\">\n\t\t\t\t\t<h3 class=\"elementor-heading-title elementor-size-default\">7. Oblicz rz\u0105d macierzy:  $$A=\\begin{bmatrix}1&amp;-4&amp;1\\\\-3&amp;0&amp;8\\\\-2&amp;10&amp;6\\\\-1&amp;-8&amp;10\\\\0&amp;30&amp;2\\end{bmatrix}$$<\/h3>\t\t\t\t<\/div>\n\t\t\t\t<\/div>\n\t\t\t\t<\/div>\n\t\t<div class=\"elementor-element elementor-element-6984753 e-con-full e-flex e-con e-child\" data-id=\"6984753\" data-element_type=\"container\" data-settings=\"{&quot;background_background&quot;:&quot;classic&quot;}\">\n\t\t\t\t<div class=\"elementor-element elementor-element-38afe48 elementor-widget__width-initial elementor-widget elementor-widget-toggle\" data-id=\"38afe48\" data-element_type=\"widget\" data-widget_type=\"toggle.default\">\n\t\t\t\t<div class=\"elementor-widget-container\">\n\t\t\t\t\t<div class=\"pmpro\"><div class=\"pmpro_card pmpro_content_message\"><div class=\"pmpro_card_content\">nie czekaj d\u0142u\u017cej, wykup pakiet i sprawd\u017a rozwi\u0105zania.<br \/><a href=\"https:\/\/bezwarunku.pl\/index.php\/wykup-dostep\/\">Przed\u0142u\u017c pakiet!<\/a><\/div><div class=\"pmpro_card_actions pmpro_font-medium\">Already a member? <a href=\"https:\/\/bezwarunku.pl\/index.php\/membership-login\/?redirect_to=https%3A%2F%2Fbezwarunku.pl%2Findex.php%2Frzad-macierzy%2F\">Log in here<\/a><\/div><\/div><\/div>\t\t\t\t<\/div>\n\t\t\t\t<\/div>\n\t\t\t\t<div class=\"elementor-element elementor-element-a43025e elementor-widget elementor-widget-heading\" data-id=\"a43025e\" data-element_type=\"widget\" data-widget_type=\"heading.default\">\n\t\t\t\t<div class=\"elementor-widget-container\">\n\t\t\t\t\t<h3 class=\"elementor-heading-title elementor-size-default\">8. Oblicz rz\u0105d macierzy:  $$A=\\begin{bmatrix}1&amp;5&amp;1&amp;1&amp;-2\\\\-4&amp;12&amp;6&amp;-8&amp;-6\\\\4&amp;4&amp;1&amp;6&amp;-1\\end{bmatrix}$$<\/h3>\t\t\t\t<\/div>\n\t\t\t\t<\/div>\n\t\t\t\t<\/div>\n\t\t\t\t\t<\/div>\n\t\t\t\t<\/div>\n\t\t\t\t<\/div>\n\t\t","protected":false},"excerpt":{"rendered":"<p>zarejestruj si\u0119 MACIERZE RZ\u0104D MACIERZY Rz\u0105d macierzy nie mo\u017ce przekroczy\u0107 \u017cadnego z wymiar\u00f3w macierzy. Rz\u0105d ka\u017cdej macierzy niezerowej mo\u017cemy policzy\u0107 poprzez wykorzystanie operacji elementarnych na macierzach (metod\u0105 Gaussa-Jordana). Wykorzystuj\u0105c operacje elementarne sprowadzamy nasz\u0105 wyj\u015bciow\u0105 macierz do takiej postaci, aby pod jej g\u0142\u00f3wn\u0105 przek\u0105tn\u0105 by\u0142y same zera. W przeciwie\u0144stwie do warto\u015bci wyznacznika macierzy, operacje elementarne nie [&hellip;]<\/p>\n","protected":false},"author":1,"featured_media":0,"parent":0,"menu_order":0,"comment_status":"closed","ping_status":"closed","template":"templates\/landing.php","meta":{"pmpro_default_level":"","_monsterinsights_skip_tracking":false,"_monsterinsights_sitenote_active":false,"_monsterinsights_sitenote_note":"","_monsterinsights_sitenote_category":0,"_uf_show_specific_survey":0,"_uf_disable_surveys":false,"footnotes":""},"class_list":["post-3843","page","type-page","status-publish","hentry","pmpro-has-access","entry","owp-thumbs-layout-horizontal","owp-btn-normal","owp-tabs-layout-horizontal","has-no-thumbnails","has-product-nav"],"aioseo_notices":[],"_links":{"self":[{"href":"https:\/\/bezwarunku.pl\/index.php\/wp-json\/wp\/v2\/pages\/3843","targetHints":{"allow":["GET"]}}],"collection":[{"href":"https:\/\/bezwarunku.pl\/index.php\/wp-json\/wp\/v2\/pages"}],"about":[{"href":"https:\/\/bezwarunku.pl\/index.php\/wp-json\/wp\/v2\/types\/page"}],"author":[{"embeddable":true,"href":"https:\/\/bezwarunku.pl\/index.php\/wp-json\/wp\/v2\/users\/1"}],"replies":[{"embeddable":true,"href":"https:\/\/bezwarunku.pl\/index.php\/wp-json\/wp\/v2\/comments?post=3843"}],"version-history":[{"count":52,"href":"https:\/\/bezwarunku.pl\/index.php\/wp-json\/wp\/v2\/pages\/3843\/revisions"}],"predecessor-version":[{"id":4588,"href":"https:\/\/bezwarunku.pl\/index.php\/wp-json\/wp\/v2\/pages\/3843\/revisions\/4588"}],"wp:attachment":[{"href":"https:\/\/bezwarunku.pl\/index.php\/wp-json\/wp\/v2\/media?parent=3843"}],"curies":[{"name":"wp","href":"https:\/\/api.w.org\/{rel}","templated":true}]}}