{"id":4313,"date":"2024-04-26T14:16:45","date_gmt":"2024-04-26T13:16:45","guid":{"rendered":"https:\/\/bezwarunku.pl\/?page_id=4313"},"modified":"2024-12-09T00:24:56","modified_gmt":"2024-12-09T00:24:56","slug":"wykup-dostep","status":"publish","type":"page","link":"https:\/\/bezwarunku.pl\/index.php\/wykup-dostep\/","title":{"rendered":"CENNIK ORIGINAL"},"content":{"rendered":"\t\t<div data-elementor-type=\"wp-page\" data-elementor-id=\"4313\" class=\"elementor elementor-4313\" data-elementor-post-type=\"page\">\n\t\t\t\t<div class=\"elementor-element elementor-element-0018314 e-con-full e-flex e-con e-parent\" data-id=\"0018314\" data-element_type=\"container\" data-settings=\"{&quot;background_background&quot;:&quot;classic&quot;}\">\n\t\t<div class=\"elementor-element elementor-element-06388e2 e-con-full e-flex e-con e-child\" data-id=\"06388e2\" data-element_type=\"container\">\n\t\t\t\t<div class=\"elementor-element elementor-element-d95221b animated-slow elementor-invisible elementor-widget elementor-widget-heading\" data-id=\"d95221b\" data-element_type=\"widget\" data-settings=\"{&quot;_animation&quot;:&quot;slideInUp&quot;}\" data-widget_type=\"heading.default\">\n\t\t\t\t<div class=\"elementor-widget-container\">\n\t\t\t\t\t<h2 class=\"elementor-heading-title elementor-size-default\">CEnnik<\/h2>\t\t\t\t<\/div>\n\t\t\t\t<\/div>\n\t\t\t\t<div class=\"elementor-element elementor-element-76757f6 elementor-headline--style-highlight elementor-widget elementor-widget-animated-headline\" data-id=\"76757f6\" data-element_type=\"widget\" data-settings=\"{&quot;marker&quot;:&quot;underline_zigzag&quot;,&quot;highlighted_text&quot;:&quot;Nie czekaj d\\u0142u\\u017cej, kupuj i rozwi\\u0105zuj!&quot;,&quot;highlight_iteration_delay&quot;:5000,&quot;headline_style&quot;:&quot;highlight&quot;,&quot;loop&quot;:&quot;yes&quot;,&quot;highlight_animation_duration&quot;:1200}\" data-widget_type=\"animated-headline.default\">\n\t\t\t\t<div class=\"elementor-widget-container\">\n\t\t\t\t\t\t\t<h3 class=\"elementor-headline\">\n\t\t\t\t<span class=\"elementor-headline-dynamic-wrapper elementor-headline-text-wrapper\">\n\t\t\t\t\t<span class=\"elementor-headline-dynamic-text elementor-headline-text-active\">Nie czekaj d\u0142u\u017cej, kupuj i rozwi\u0105zuj!<\/span>\n\t\t\t\t<\/span>\n\t\t\t\t<\/h3>\n\t\t\t\t\t\t<\/div>\n\t\t\t\t<\/div>\n\t\t\t\t<\/div>\n\t\t<div class=\"elementor-element elementor-element-0c51ccf e-flex e-con-boxed e-con e-child\" data-id=\"0c51ccf\" data-element_type=\"container\">\n\t\t\t\t\t<div class=\"e-con-inner\">\n\t\t<div class=\"elementor-element elementor-element-62fafbf e-con-full e-flex e-con e-child\" data-id=\"62fafbf\" data-element_type=\"container\">\n\t\t<div class=\"elementor-element elementor-element-e7bf82c e-con-full e-flex e-con e-child\" data-id=\"e7bf82c\" data-element_type=\"container\">\n\t\t<div class=\"elementor-element elementor-element-2188114 e-flex e-con-boxed e-con e-child\" data-id=\"2188114\" data-element_type=\"container\" data-settings=\"{&quot;background_background&quot;:&quot;classic&quot;}\">\n\t\t\t\t\t<div class=\"e-con-inner\">\n\t\t\t\t<div class=\"elementor-element elementor-element-1b77c5b elementor-grid-1 elementor-product-loop-item--align-center elementor-grid-tablet-3 elementor-grid-mobile-2 elementor-products-grid elementor-wc-products elementor-widget elementor-widget-woocommerce-products\" data-id=\"1b77c5b\" data-element_type=\"widget\" data-widget_type=\"woocommerce-products.default\">\n\t\t\t\t<div class=\"elementor-widget-container\">\n\t\t\t\t\t<div class=\"woocommerce columns-1 \">\r\n<ul class=\"products elementor-grid oceanwp-row clr grid\">\r\n<li class=\"pmpro-has-access entry has-media has-product-nav col span_1_of_1 owp-content-center owp-thumbs-layout-horizontal owp-btn-normal owp-tabs-layout-horizontal has-no-thumbnails product type-product post-4318 status-publish first instock product_cat-tydzien has-post-thumbnail virtual sold-individually purchasable product-type-simple\">\n\t<div class=\"product-inner clr\">\r\n\t<div class=\"woo-entry-image clr\">\r\n\t\t<a href=\"https:\/\/bezwarunku.pl\/index.php\/product\/tygodniowy-pakiet\/\" class=\"woocommerce-LoopProduct-link\"><img fetchpriority=\"high\" decoding=\"async\" width=\"300\" height=\"300\" src=\"https:\/\/bezwarunku.pl\/wp-content\/uploads\/2023\/10\/BEZWARUNKU-1-300x300.jpg\" class=\"woo-entry-image-main\" alt=\"Tygodniowy pakiet\" itemprop=\"image\" srcset=\"https:\/\/bezwarunku.pl\/wp-content\/uploads\/2023\/10\/BEZWARUNKU-1-300x300.jpg 300w, https:\/\/bezwarunku.pl\/wp-content\/uploads\/2023\/10\/BEZWARUNKU-1-1024x1024.jpg 1024w, https:\/\/bezwarunku.pl\/wp-content\/uploads\/2023\/10\/BEZWARUNKU-1-150x150.jpg 150w, https:\/\/bezwarunku.pl\/wp-content\/uploads\/2023\/10\/BEZWARUNKU-1-768x768.jpg 768w, https:\/\/bezwarunku.pl\/wp-content\/uploads\/2023\/10\/BEZWARUNKU-1-600x600.jpg 600w, https:\/\/bezwarunku.pl\/wp-content\/uploads\/2023\/10\/BEZWARUNKU-1-100x100.jpg 100w, https:\/\/bezwarunku.pl\/wp-content\/uploads\/2023\/10\/BEZWARUNKU-1.jpg 1170w\" sizes=\"(max-width: 300px) 100vw, 300px\" \/><\/a><a href=\"#\" id=\"product_id_4318\" class=\"owp-quick-view\" data-product_id=\"4318\" aria-label=\"Quickly preview product Tygodniowy pakiet\"><i class=\" icon-eye\" aria-hidden=\"true\" role=\"img\"><\/i> Quick View<\/a>\t<\/div><!-- .woo-entry-image -->\r\n\r\n<ul class=\"woo-entry-inner clr\"><li class=\"image-wrap\">\r\n\t<div class=\"woo-entry-image clr\">\r\n\t\t<a href=\"https:\/\/bezwarunku.pl\/index.php\/product\/tygodniowy-pakiet\/\" class=\"woocommerce-LoopProduct-link\"><img fetchpriority=\"high\" decoding=\"async\" width=\"300\" height=\"300\" src=\"https:\/\/bezwarunku.pl\/wp-content\/uploads\/2023\/10\/BEZWARUNKU-1-300x300.jpg\" class=\"woo-entry-image-main\" alt=\"Tygodniowy pakiet\" itemprop=\"image\" srcset=\"https:\/\/bezwarunku.pl\/wp-content\/uploads\/2023\/10\/BEZWARUNKU-1-300x300.jpg 300w, https:\/\/bezwarunku.pl\/wp-content\/uploads\/2023\/10\/BEZWARUNKU-1-1024x1024.jpg 1024w, https:\/\/bezwarunku.pl\/wp-content\/uploads\/2023\/10\/BEZWARUNKU-1-150x150.jpg 150w, https:\/\/bezwarunku.pl\/wp-content\/uploads\/2023\/10\/BEZWARUNKU-1-768x768.jpg 768w, https:\/\/bezwarunku.pl\/wp-content\/uploads\/2023\/10\/BEZWARUNKU-1-600x600.jpg 600w, https:\/\/bezwarunku.pl\/wp-content\/uploads\/2023\/10\/BEZWARUNKU-1-100x100.jpg 100w, https:\/\/bezwarunku.pl\/wp-content\/uploads\/2023\/10\/BEZWARUNKU-1.jpg 1170w\" sizes=\"(max-width: 300px) 100vw, 300px\" \/><\/a><a href=\"#\" id=\"product_id_4318\" class=\"owp-quick-view\" data-product_id=\"4318\" aria-label=\"Quickly preview product Tygodniowy pakiet\"><i class=\" icon-eye\" aria-hidden=\"true\" role=\"img\"><\/i> Quick View<\/a>\t<\/div><!-- .woo-entry-image -->\r\n\r\n<\/li><li class=\"category\"><a href=\"https:\/\/bezwarunku.pl\/index.php\/product-category\/tydzien\/\" rel=\"tag\">Tydzie\u0144<\/a><\/li><li class=\"title\"><h2><a href=\"https:\/\/bezwarunku.pl\/index.php\/product\/tygodniowy-pakiet\/\">Tygodniowy pakiet<\/a><\/h2><\/li><li class=\"price-wrap\">\n\t<span class=\"price\"><span class=\"woocommerce-Price-amount amount\"><bdi>20&nbsp;<span class=\"woocommerce-Price-currencySymbol\">&#122;&#322;<\/span><\/bdi><\/span><\/span>\n<\/li><li class=\"rating\"><\/li><li class=\"btn-wrap clr\"><div class=\"woocommerce-loop-product__buttons\"><a href=\"\/index.php\/wp-json\/wp\/v2\/pages\/4313?add-to-cart=4318\" aria-describedby=\"woocommerce_loop_add_to_cart_link_describedby_4318\" data-quantity=\"1\" class=\"button product_type_simple add_to_cart_button ajax_add_to_cart\" data-product_id=\"4318\" data-product_sku=\"\" aria-label=\"Dodaj do koszyka: &bdquo;Tygodniowy pakiet&rdquo;\" rel=\"nofollow\" data-success_message=\"&ldquo;Tygodniowy pakiet&rdquo; zosta\u0142 dodany do twojego koszyka\">Dodaj do koszyka<\/a><\/div>\t<span id=\"woocommerce_loop_add_to_cart_link_describedby_4318\" class=\"screen-reader-text\">\n\t\t\t<\/span>\n<\/li><\/ul><\/div><!-- .product-inner .clr --><\/li>\n<\/ul>\n<\/div>\t\t\t\t<\/div>\n\t\t\t\t<\/div>\n\t\t\t\t\t<\/div>\n\t\t\t\t<\/div>\n\t\t<div class=\"elementor-element elementor-element-07cd0c7 e-con-full e-flex e-con e-child\" data-id=\"07cd0c7\" data-element_type=\"container\" data-settings=\"{&quot;background_background&quot;:&quot;classic&quot;}\">\n\t\t\t\t<div class=\"elementor-element elementor-element-f49eb1d elementor-align-center elementor-icon-list--layout-traditional elementor-list-item-link-full_width elementor-widget elementor-widget-icon-list\" data-id=\"f49eb1d\" data-element_type=\"widget\" data-widget_type=\"icon-list.default\">\n\t\t\t\t<div class=\"elementor-widget-container\">\n\t\t\t\t\t\t\t<ul class=\"elementor-icon-list-items\">\n\t\t\t\t\t\t\t<li class=\"elementor-icon-list-item\">\n\t\t\t\t\t\t\t\t\t\t<span class=\"elementor-icon-list-text\">CA\u0141KOWITY DOST\u0118P DO :<\/span>\n\t\t\t\t\t\t\t\t\t<\/li>\n\t\t\t\t\t\t\t\t<li class=\"elementor-icon-list-item\">\n\t\t\t\t\t\t\t\t\t\t\t<span class=\"elementor-icon-list-icon\">\n\t\t\t\t\t\t\t<svg aria-hidden=\"true\" class=\"e-font-icon-svg e-fas-check\" viewBox=\"0 0 512 512\" xmlns=\"http:\/\/www.w3.org\/2000\/svg\"><path d=\"M173.898 439.404l-166.4-166.4c-9.997-9.997-9.997-26.206 0-36.204l36.203-36.204c9.997-9.998 26.207-9.998 36.204 0L192 312.69 432.095 72.596c9.997-9.997 26.207-9.997 36.204 0l36.203 36.204c9.997 9.997 9.997 26.206 0 36.204l-294.4 294.401c-9.998 9.997-26.207 9.997-36.204-.001z\"><\/path><\/svg>\t\t\t\t\t\t<\/span>\n\t\t\t\t\t\t\t\t\t\t<span class=\"elementor-icon-list-text\">WZOR\u00d3W<\/span>\n\t\t\t\t\t\t\t\t\t<\/li>\n\t\t\t\t\t\t\t\t<li class=\"elementor-icon-list-item\">\n\t\t\t\t\t\t\t\t\t\t\t<span class=\"elementor-icon-list-icon\">\n\t\t\t\t\t\t\t<svg aria-hidden=\"true\" class=\"e-font-icon-svg e-fas-check\" viewBox=\"0 0 512 512\" xmlns=\"http:\/\/www.w3.org\/2000\/svg\"><path d=\"M173.898 439.404l-166.4-166.4c-9.997-9.997-9.997-26.206 0-36.204l36.203-36.204c9.997-9.998 26.207-9.998 36.204 0L192 312.69 432.095 72.596c9.997-9.997 26.207-9.997 36.204 0l36.203 36.204c9.997 9.997 9.997 26.206 0 36.204l-294.4 294.401c-9.998 9.997-26.207 9.997-36.204-.001z\"><\/path><\/svg>\t\t\t\t\t\t<\/span>\n\t\t\t\t\t\t\t\t\t\t<span class=\"elementor-icon-list-text\">WSZYSTKICH DZIA\u0141\u00d3W<\/span>\n\t\t\t\t\t\t\t\t\t<\/li>\n\t\t\t\t\t\t\t\t<li class=\"elementor-icon-list-item\">\n\t\t\t\t\t\t\t\t\t\t\t<span class=\"elementor-icon-list-icon\">\n\t\t\t\t\t\t\t<svg aria-hidden=\"true\" class=\"e-font-icon-svg e-fas-check\" viewBox=\"0 0 512 512\" xmlns=\"http:\/\/www.w3.org\/2000\/svg\"><path d=\"M173.898 439.404l-166.4-166.4c-9.997-9.997-9.997-26.206 0-36.204l36.203-36.204c9.997-9.998 26.207-9.998 36.204 0L192 312.69 432.095 72.596c9.997-9.997 26.207-9.997 36.204 0l36.203 36.204c9.997 9.997 9.997 26.206 0 36.204l-294.4 294.401c-9.998 9.997-26.207 9.997-36.204-.001z\"><\/path><\/svg>\t\t\t\t\t\t<\/span>\n\t\t\t\t\t\t\t\t\t\t<span class=\"elementor-icon-list-text\">PRZYK\u0141AD\u00d3W Z ROZWI\u0104ZANIAMI KROK PO KROKU<\/span>\n\t\t\t\t\t\t\t\t\t<\/li>\n\t\t\t\t\t\t\t\t<li class=\"elementor-icon-list-item\">\n\t\t\t\t\t\t\t\t\t\t<span class=\"elementor-icon-list-text\">PRZEZ 7 DNI!<\/span>\n\t\t\t\t\t\t\t\t\t<\/li>\n\t\t\t\t\t\t<\/ul>\n\t\t\t\t\t\t<\/div>\n\t\t\t\t<\/div>\n\t\t\t\t<\/div>\n\t\t\t\t<\/div>\n\t\t<div class=\"elementor-element elementor-element-f2042e0 e-con-full e-flex e-con e-child\" data-id=\"f2042e0\" data-element_type=\"container\" data-settings=\"{&quot;background_background&quot;:&quot;classic&quot;}\">\n\t\t\t\t<div class=\"elementor-element elementor-element-ea156dd elementor-widget elementor-widget-heading\" data-id=\"ea156dd\" data-element_type=\"widget\" data-widget_type=\"heading.default\">\n\t\t\t\t<div class=\"elementor-widget-container\">\n\t\t\t\t\t<span class=\"elementor-heading-title elementor-size-default\">top<\/span>\t\t\t\t<\/div>\n\t\t\t\t<\/div>\n\t\t<div class=\"elementor-element elementor-element-a022837 e-flex e-con-boxed e-con e-child\" data-id=\"a022837\" data-element_type=\"container\" data-settings=\"{&quot;background_background&quot;:&quot;classic&quot;}\">\n\t\t\t\t\t<div class=\"e-con-inner\">\n\t\t\t\t<div class=\"elementor-element elementor-element-133880b elementor-grid-1 elementor-product-loop-item--align-center elementor-grid-tablet-3 elementor-grid-mobile-2 elementor-products-grid elementor-wc-products elementor-widget elementor-widget-woocommerce-products\" data-id=\"133880b\" data-element_type=\"widget\" data-widget_type=\"woocommerce-products.default\">\n\t\t\t\t<div class=\"elementor-widget-container\">\n\t\t\t\t\t<div class=\"woocommerce columns-1 \">\r\n<ul class=\"products elementor-grid oceanwp-row clr grid\">\r\n<li class=\"pmpro-has-access entry has-media has-product-nav col span_1_of_1 owp-content-center owp-thumbs-layout-horizontal owp-btn-normal owp-tabs-layout-horizontal has-no-thumbnails product type-product post-4326 status-publish first instock product_cat-miesiac has-post-thumbnail virtual sold-individually purchasable product-type-simple\">\n\t<div class=\"product-inner clr\">\r\n\t<div class=\"woo-entry-image clr\">\r\n\t\t<a href=\"https:\/\/bezwarunku.pl\/index.php\/product\/miesieczny-pakiet\/\" class=\"woocommerce-LoopProduct-link\"><img decoding=\"async\" width=\"300\" height=\"300\" src=\"https:\/\/bezwarunku.pl\/wp-content\/uploads\/2023\/10\/BEZWARUNKU-1-300x300.jpg\" class=\"woo-entry-image-main\" alt=\"Miesi\u0119czny pakiet\" itemprop=\"image\" srcset=\"https:\/\/bezwarunku.pl\/wp-content\/uploads\/2023\/10\/BEZWARUNKU-1-300x300.jpg 300w, https:\/\/bezwarunku.pl\/wp-content\/uploads\/2023\/10\/BEZWARUNKU-1-1024x1024.jpg 1024w, https:\/\/bezwarunku.pl\/wp-content\/uploads\/2023\/10\/BEZWARUNKU-1-150x150.jpg 150w, https:\/\/bezwarunku.pl\/wp-content\/uploads\/2023\/10\/BEZWARUNKU-1-768x768.jpg 768w, https:\/\/bezwarunku.pl\/wp-content\/uploads\/2023\/10\/BEZWARUNKU-1-600x600.jpg 600w, https:\/\/bezwarunku.pl\/wp-content\/uploads\/2023\/10\/BEZWARUNKU-1-100x100.jpg 100w, https:\/\/bezwarunku.pl\/wp-content\/uploads\/2023\/10\/BEZWARUNKU-1.jpg 1170w\" sizes=\"(max-width: 300px) 100vw, 300px\" \/><\/a><a href=\"#\" id=\"product_id_4326\" class=\"owp-quick-view\" data-product_id=\"4326\" aria-label=\"Quickly preview product Miesi\u0119czny pakiet\"><i class=\" icon-eye\" aria-hidden=\"true\" role=\"img\"><\/i> Quick View<\/a>\t<\/div><!-- .woo-entry-image -->\r\n\r\n<ul class=\"woo-entry-inner clr\"><li class=\"image-wrap\">\r\n\t<div class=\"woo-entry-image clr\">\r\n\t\t<a href=\"https:\/\/bezwarunku.pl\/index.php\/product\/miesieczny-pakiet\/\" class=\"woocommerce-LoopProduct-link\"><img decoding=\"async\" width=\"300\" height=\"300\" src=\"https:\/\/bezwarunku.pl\/wp-content\/uploads\/2023\/10\/BEZWARUNKU-1-300x300.jpg\" class=\"woo-entry-image-main\" alt=\"Miesi\u0119czny pakiet\" itemprop=\"image\" srcset=\"https:\/\/bezwarunku.pl\/wp-content\/uploads\/2023\/10\/BEZWARUNKU-1-300x300.jpg 300w, https:\/\/bezwarunku.pl\/wp-content\/uploads\/2023\/10\/BEZWARUNKU-1-1024x1024.jpg 1024w, https:\/\/bezwarunku.pl\/wp-content\/uploads\/2023\/10\/BEZWARUNKU-1-150x150.jpg 150w, https:\/\/bezwarunku.pl\/wp-content\/uploads\/2023\/10\/BEZWARUNKU-1-768x768.jpg 768w, https:\/\/bezwarunku.pl\/wp-content\/uploads\/2023\/10\/BEZWARUNKU-1-600x600.jpg 600w, https:\/\/bezwarunku.pl\/wp-content\/uploads\/2023\/10\/BEZWARUNKU-1-100x100.jpg 100w, https:\/\/bezwarunku.pl\/wp-content\/uploads\/2023\/10\/BEZWARUNKU-1.jpg 1170w\" sizes=\"(max-width: 300px) 100vw, 300px\" \/><\/a><a href=\"#\" id=\"product_id_4326\" class=\"owp-quick-view\" data-product_id=\"4326\" aria-label=\"Quickly preview product Miesi\u0119czny pakiet\"><i class=\" icon-eye\" aria-hidden=\"true\" role=\"img\"><\/i> Quick View<\/a>\t<\/div><!-- .woo-entry-image -->\r\n\r\n<\/li><li class=\"category\"><a href=\"https:\/\/bezwarunku.pl\/index.php\/product-category\/miesiac\/\" rel=\"tag\">Miesi\u0105c<\/a><\/li><li class=\"title\"><h2><a href=\"https:\/\/bezwarunku.pl\/index.php\/product\/miesieczny-pakiet\/\">Miesi\u0119czny pakiet<\/a><\/h2><\/li><li class=\"price-wrap\">\n\t<span class=\"price\"><span class=\"woocommerce-Price-amount amount\"><bdi>30&nbsp;<span class=\"woocommerce-Price-currencySymbol\">&#122;&#322;<\/span><\/bdi><\/span><\/span>\n<\/li><li class=\"rating\"><\/li><li class=\"btn-wrap clr\"><div class=\"woocommerce-loop-product__buttons\"><a href=\"\/index.php\/wp-json\/wp\/v2\/pages\/4313?add-to-cart=4326\" aria-describedby=\"woocommerce_loop_add_to_cart_link_describedby_4326\" data-quantity=\"1\" class=\"button product_type_simple add_to_cart_button ajax_add_to_cart\" data-product_id=\"4326\" data-product_sku=\"\" aria-label=\"Dodaj do koszyka: &bdquo;Miesi\u0119czny pakiet&rdquo;\" rel=\"nofollow\" data-success_message=\"&ldquo;Miesi\u0119czny pakiet&rdquo; zosta\u0142 dodany do twojego koszyka\">Dodaj do koszyka<\/a><\/div>\t<span id=\"woocommerce_loop_add_to_cart_link_describedby_4326\" class=\"screen-reader-text\">\n\t\t\t<\/span>\n<\/li><\/ul><\/div><!-- .product-inner .clr --><\/li>\n<\/ul>\n<\/div>\t\t\t\t<\/div>\n\t\t\t\t<\/div>\n\t\t\t\t\t<\/div>\n\t\t\t\t<\/div>\n\t\t<div class=\"elementor-element elementor-element-36089f0 e-con-full e-flex e-con e-child\" data-id=\"36089f0\" data-element_type=\"container\" data-settings=\"{&quot;background_background&quot;:&quot;classic&quot;}\">\n\t\t\t\t<div class=\"elementor-element elementor-element-c0221bc elementor-align-center elementor-icon-list--layout-traditional elementor-list-item-link-full_width elementor-widget elementor-widget-icon-list\" data-id=\"c0221bc\" data-element_type=\"widget\" data-widget_type=\"icon-list.default\">\n\t\t\t\t<div class=\"elementor-widget-container\">\n\t\t\t\t\t\t\t<ul class=\"elementor-icon-list-items\">\n\t\t\t\t\t\t\t<li class=\"elementor-icon-list-item\">\n\t\t\t\t\t\t\t\t\t\t<span class=\"elementor-icon-list-text\">CA\u0141KOWITY DOST\u0118P DO :<\/span>\n\t\t\t\t\t\t\t\t\t<\/li>\n\t\t\t\t\t\t\t\t<li class=\"elementor-icon-list-item\">\n\t\t\t\t\t\t\t\t\t\t\t<span class=\"elementor-icon-list-icon\">\n\t\t\t\t\t\t\t<svg aria-hidden=\"true\" class=\"e-font-icon-svg e-fas-check\" viewBox=\"0 0 512 512\" xmlns=\"http:\/\/www.w3.org\/2000\/svg\"><path d=\"M173.898 439.404l-166.4-166.4c-9.997-9.997-9.997-26.206 0-36.204l36.203-36.204c9.997-9.998 26.207-9.998 36.204 0L192 312.69 432.095 72.596c9.997-9.997 26.207-9.997 36.204 0l36.203 36.204c9.997 9.997 9.997 26.206 0 36.204l-294.4 294.401c-9.998 9.997-26.207 9.997-36.204-.001z\"><\/path><\/svg>\t\t\t\t\t\t<\/span>\n\t\t\t\t\t\t\t\t\t\t<span class=\"elementor-icon-list-text\">WZOR\u00d3W<\/span>\n\t\t\t\t\t\t\t\t\t<\/li>\n\t\t\t\t\t\t\t\t<li class=\"elementor-icon-list-item\">\n\t\t\t\t\t\t\t\t\t\t\t<span class=\"elementor-icon-list-icon\">\n\t\t\t\t\t\t\t<svg aria-hidden=\"true\" class=\"e-font-icon-svg e-fas-check\" viewBox=\"0 0 512 512\" xmlns=\"http:\/\/www.w3.org\/2000\/svg\"><path d=\"M173.898 439.404l-166.4-166.4c-9.997-9.997-9.997-26.206 0-36.204l36.203-36.204c9.997-9.998 26.207-9.998 36.204 0L192 312.69 432.095 72.596c9.997-9.997 26.207-9.997 36.204 0l36.203 36.204c9.997 9.997 9.997 26.206 0 36.204l-294.4 294.401c-9.998 9.997-26.207 9.997-36.204-.001z\"><\/path><\/svg>\t\t\t\t\t\t<\/span>\n\t\t\t\t\t\t\t\t\t\t<span class=\"elementor-icon-list-text\">WSZYSTKICH DZIA\u0141\u00d3W<\/span>\n\t\t\t\t\t\t\t\t\t<\/li>\n\t\t\t\t\t\t\t\t<li class=\"elementor-icon-list-item\">\n\t\t\t\t\t\t\t\t\t\t\t<span class=\"elementor-icon-list-icon\">\n\t\t\t\t\t\t\t<svg aria-hidden=\"true\" class=\"e-font-icon-svg e-fas-check\" viewBox=\"0 0 512 512\" xmlns=\"http:\/\/www.w3.org\/2000\/svg\"><path d=\"M173.898 439.404l-166.4-166.4c-9.997-9.997-9.997-26.206 0-36.204l36.203-36.204c9.997-9.998 26.207-9.998 36.204 0L192 312.69 432.095 72.596c9.997-9.997 26.207-9.997 36.204 0l36.203 36.204c9.997 9.997 9.997 26.206 0 36.204l-294.4 294.401c-9.998 9.997-26.207 9.997-36.204-.001z\"><\/path><\/svg>\t\t\t\t\t\t<\/span>\n\t\t\t\t\t\t\t\t\t\t<span class=\"elementor-icon-list-text\">PRZYK\u0141AD\u00d3W Z ROZWI\u0104ZANIAMI KROK PO KROKU<\/span>\n\t\t\t\t\t\t\t\t\t<\/li>\n\t\t\t\t\t\t\t\t<li class=\"elementor-icon-list-item\">\n\t\t\t\t\t\t\t\t\t\t<span class=\"elementor-icon-list-text\">PRZEZ 30 DNI!<\/span>\n\t\t\t\t\t\t\t\t\t<\/li>\n\t\t\t\t\t\t<\/ul>\n\t\t\t\t\t\t<\/div>\n\t\t\t\t<\/div>\n\t\t\t\t<\/div>\n\t\t\t\t<\/div>\n\t\t\t\t<\/div>\n\t\t\t\t\t<\/div>\n\t\t\t\t<\/div>\n\t\t\t\t<\/div>\n\t\t\t\t<\/div>\n\t\t","protected":false},"excerpt":{"rendered":"<p>CEnnik Nie czekaj d\u0142u\u017cej, kupuj i rozwi\u0105zuj! CA\u0141KOWITY DOST\u0118P DO : WZOR\u00d3W WSZYSTKICH DZIA\u0141\u00d3W PRZYK\u0141AD\u00d3W Z ROZWI\u0104ZANIAMI KROK PO KROKU PRZEZ 7 DNI! top CA\u0141KOWITY DOST\u0118P DO : WZOR\u00d3W WSZYSTKICH DZIA\u0141\u00d3W PRZYK\u0141AD\u00d3W Z ROZWI\u0104ZANIAMI KROK PO KROKU PRZEZ 30 DNI!<\/p>\n","protected":false},"author":1,"featured_media":0,"parent":0,"menu_order":0,"comment_status":"closed","ping_status":"closed","template":"templates\/landing.php","meta":{"pmpro_default_level":"","_monsterinsights_skip_tracking":false,"_monsterinsights_sitenote_active":false,"_monsterinsights_sitenote_note":"","_monsterinsights_sitenote_category":0,"_uf_show_specific_survey":0,"_uf_disable_surveys":false,"footnotes":""},"class_list":["post-4313","page","type-page","status-publish","hentry","pmpro-has-access","entry","owp-thumbs-layout-horizontal","owp-btn-normal","owp-tabs-layout-horizontal","has-no-thumbnails","has-product-nav"],"aioseo_notices":[],"_links":{"self":[{"href":"https:\/\/bezwarunku.pl\/index.php\/wp-json\/wp\/v2\/pages\/4313","targetHints":{"allow":["GET"]}}],"collection":[{"href":"https:\/\/bezwarunku.pl\/index.php\/wp-json\/wp\/v2\/pages"}],"about":[{"href":"https:\/\/bezwarunku.pl\/index.php\/wp-json\/wp\/v2\/types\/page"}],"author":[{"embeddable":true,"href":"https:\/\/bezwarunku.pl\/index.php\/wp-json\/wp\/v2\/users\/1"}],"replies":[{"embeddable":true,"href":"https:\/\/bezwarunku.pl\/index.php\/wp-json\/wp\/v2\/comments?post=4313"}],"version-history":[{"count":47,"href":"https:\/\/bezwarunku.pl\/index.php\/wp-json\/wp\/v2\/pages\/4313\/revisions"}],"predecessor-version":[{"id":4674,"href":"https:\/\/bezwarunku.pl\/index.php\/wp-json\/wp\/v2\/pages\/4313\/revisions\/4674"}],"wp:attachment":[{"href":"https:\/\/bezwarunku.pl\/index.php\/wp-json\/wp\/v2\/media?parent=4313"}],"curies":[{"name":"wp","href":"https:\/\/api.w.org\/{rel}","templated":true}]}}